{"id":177,"date":"2019-03-08T14:04:29","date_gmt":"2019-03-08T13:04:29","guid":{"rendered":"https:\/\/fsg-koesching.de\/?page_id=177"},"modified":"2023-08-11T10:07:58","modified_gmt":"2023-08-11T09:07:58","slug":"page_id177","status":"publish","type":"page","link":"https:\/\/fsg-koesching.de\/?page_id=177","title":{"rendered":"Marktmeisterschaft 2019"},"content":{"rendered":"\n<p>In den hier folgenden Informationsseiten, finden Sie alle ben\u00f6tigen Informationen &amp; Ergebnisse zur Marktmeisterschaft 2019.<\/p>\n\n\n\n<div class=\"wp-block-file\"><a id=\"wp-block-file--media-14818709-2195-4435-9752-9ee95a90c57c\" href=\"https:\/\/fsg-koesching.de\/wp-content\/uploads\/2019\/04\/Marktmeisterschaft2019.pdf\">Falls Sie sich nicht sicher sind, ob die Marktmeisterschaft etwas f\u00fcr Sie ist, dann k\u00f6nnen Sie sich hier unseren Flyer ansehen. <\/a><a href=\"https:\/\/fsg-koesching.de\/wp-content\/uploads\/2019\/04\/Marktmeisterschaft2019.pdf\" class=\"wp-block-file__button wp-element-button\" download aria-describedby=\"wp-block-file--media-14818709-2195-4435-9752-9ee95a90c57c\">Ansehen<\/a><\/div>\n","protected":false},"excerpt":{"rendered":"<p>In den hier folgenden Informationsseiten, finden Sie alle ben\u00f6tigen Informationen &amp; Ergebnisse zur Marktmeisterschaft 2019.<\/p>\n","protected":false},"author":1,"featured_media":0,"parent":0,"menu_order":0,"comment_status":"closed","ping_status":"closed","template":"","meta":{"footnotes":""},"class_list":["post-177","page","type-page","status-publish","hentry","post","without-featured-image"],"yoast_head":"<!-- This site is optimized with the Yoast SEO plugin v27.4 - https:\/\/yoast.com\/product\/yoast-seo-wordpress\/ -->\n<title>Marktmeisterschaft 2019 &#187; Kgl. priv. FSG K\u00f6sching<\/title>\n<meta name=\"description\" content=\"Der Flyer f\u00fcr die Marktmeisterschaft ist hier zu finden. Au\u00dferdem befinden sich in den Unterseiten noch einige Informationen.\" \/>\n<meta name=\"robots\" content=\"index, follow, max-snippet:-1, max-image-preview:large, max-video-preview:-1\" \/>\n<link rel=\"canonical\" href=\"https:\/\/fsg-koesching.de\/?page_id=177\" \/>\n<meta property=\"og:locale\" content=\"de_DE\" \/>\n<meta property=\"og:type\" content=\"article\" \/>\n<meta property=\"og:title\" content=\"Marktmeisterschaft 2019 &#187; Kgl. priv. FSG K\u00f6sching\" \/>\n<meta property=\"og:description\" content=\"Der Flyer f\u00fcr die Marktmeisterschaft ist hier zu finden. Au\u00dferdem befinden sich in den Unterseiten noch einige Informationen.\" \/>\n<meta property=\"og:url\" content=\"https:\/\/fsg-koesching.de\/?page_id=177\" \/>\n<meta property=\"og:site_name\" content=\"Kgl. priv. FSG K\u00f6sching\" \/>\n<meta property=\"article:modified_time\" content=\"2023-08-11T09:07:58+00:00\" \/>\n<meta name=\"twitter:card\" content=\"summary_large_image\" \/>\n<meta name=\"twitter:label1\" content=\"Gesch\u00e4tzte Lesezeit\" \/>\n\t<meta name=\"twitter:data1\" content=\"1\u00a0Minute\" \/>\n<script type=\"application\/ld+json\" class=\"yoast-schema-graph\">{\"@context\":\"https:\\\/\\\/schema.org\",\"@graph\":[{\"@type\":\"WebPage\",\"@id\":\"https:\\\/\\\/fsg-koesching.de\\\/?page_id=177\",\"url\":\"https:\\\/\\\/fsg-koesching.de\\\/?page_id=177\",\"name\":\"Marktmeisterschaft 2019 &#187; Kgl. priv. FSG K\u00f6sching\",\"isPartOf\":{\"@id\":\"https:\\\/\\\/fsg-koesching.de\\\/#website\"},\"datePublished\":\"2019-03-08T13:04:29+00:00\",\"dateModified\":\"2023-08-11T09:07:58+00:00\",\"description\":\"Der Flyer f\u00fcr die Marktmeisterschaft ist hier zu finden. Au\u00dferdem befinden sich in den Unterseiten noch einige Informationen.\",\"breadcrumb\":{\"@id\":\"https:\\\/\\\/fsg-koesching.de\\\/?page_id=177#breadcrumb\"},\"inLanguage\":\"de\",\"potentialAction\":[{\"@type\":\"ReadAction\",\"target\":[\"https:\\\/\\\/fsg-koesching.de\\\/?page_id=177\"]}]},{\"@type\":\"BreadcrumbList\",\"@id\":\"https:\\\/\\\/fsg-koesching.de\\\/?page_id=177#breadcrumb\",\"itemListElement\":[{\"@type\":\"ListItem\",\"position\":1,\"name\":\"Home\",\"item\":\"https:\\\/\\\/fsg-koesching.de\\\/\"},{\"@type\":\"ListItem\",\"position\":2,\"name\":\"Marktmeisterschaft 2019\"}]},{\"@type\":\"WebSite\",\"@id\":\"https:\\\/\\\/fsg-koesching.de\\\/#website\",\"url\":\"https:\\\/\\\/fsg-koesching.de\\\/\",\"name\":\"Kgl. priv. FSG K\u00f6sching\",\"description\":\"gegr\u00fcndet 1553\",\"publisher\":{\"@id\":\"https:\\\/\\\/fsg-koesching.de\\\/#organization\"},\"potentialAction\":[{\"@type\":\"SearchAction\",\"target\":{\"@type\":\"EntryPoint\",\"urlTemplate\":\"https:\\\/\\\/fsg-koesching.de\\\/?s={search_term_string}\"},\"query-input\":{\"@type\":\"PropertyValueSpecification\",\"valueRequired\":true,\"valueName\":\"search_term_string\"}}],\"inLanguage\":\"de\"},{\"@type\":\"Organization\",\"@id\":\"https:\\\/\\\/fsg-koesching.de\\\/#organization\",\"name\":\"Kgl. priv. FSG K\u00f6sching\",\"url\":\"https:\\\/\\\/fsg-koesching.de\\\/\",\"logo\":{\"@type\":\"ImageObject\",\"inLanguage\":\"de\",\"@id\":\"https:\\\/\\\/fsg-koesching.de\\\/#\\\/schema\\\/logo\\\/image\\\/\",\"url\":\"https:\\\/\\\/fsg-koesching.de\\\/wp-content\\\/uploads\\\/2018\\\/09\\\/FSG-LG-Logo-neu-aussen-trans.gif\",\"contentUrl\":\"https:\\\/\\\/fsg-koesching.de\\\/wp-content\\\/uploads\\\/2018\\\/09\\\/FSG-LG-Logo-neu-aussen-trans.gif\",\"width\":830,\"height\":865,\"caption\":\"Kgl. priv. FSG K\u00f6sching\"},\"image\":{\"@id\":\"https:\\\/\\\/fsg-koesching.de\\\/#\\\/schema\\\/logo\\\/image\\\/\"}}]}<\/script>\n<!-- \/ Yoast SEO plugin. -->","yoast_head_json":{"title":"Marktmeisterschaft 2019 &#187; Kgl. priv. FSG K\u00f6sching","description":"Der Flyer f\u00fcr die Marktmeisterschaft ist hier zu finden. Au\u00dferdem befinden sich in den Unterseiten noch einige Informationen.","robots":{"index":"index","follow":"follow","max-snippet":"max-snippet:-1","max-image-preview":"max-image-preview:large","max-video-preview":"max-video-preview:-1"},"canonical":"https:\/\/fsg-koesching.de\/?page_id=177","og_locale":"de_DE","og_type":"article","og_title":"Marktmeisterschaft 2019 &#187; Kgl. priv. FSG K\u00f6sching","og_description":"Der Flyer f\u00fcr die Marktmeisterschaft ist hier zu finden. Au\u00dferdem befinden sich in den Unterseiten noch einige Informationen.","og_url":"https:\/\/fsg-koesching.de\/?page_id=177","og_site_name":"Kgl. priv. FSG K\u00f6sching","article_modified_time":"2023-08-11T09:07:58+00:00","twitter_card":"summary_large_image","twitter_misc":{"Gesch\u00e4tzte Lesezeit":"1\u00a0Minute"},"schema":{"@context":"https:\/\/schema.org","@graph":[{"@type":"WebPage","@id":"https:\/\/fsg-koesching.de\/?page_id=177","url":"https:\/\/fsg-koesching.de\/?page_id=177","name":"Marktmeisterschaft 2019 &#187; Kgl. priv. FSG K\u00f6sching","isPartOf":{"@id":"https:\/\/fsg-koesching.de\/#website"},"datePublished":"2019-03-08T13:04:29+00:00","dateModified":"2023-08-11T09:07:58+00:00","description":"Der Flyer f\u00fcr die Marktmeisterschaft ist hier zu finden. Au\u00dferdem befinden sich in den Unterseiten noch einige Informationen.","breadcrumb":{"@id":"https:\/\/fsg-koesching.de\/?page_id=177#breadcrumb"},"inLanguage":"de","potentialAction":[{"@type":"ReadAction","target":["https:\/\/fsg-koesching.de\/?page_id=177"]}]},{"@type":"BreadcrumbList","@id":"https:\/\/fsg-koesching.de\/?page_id=177#breadcrumb","itemListElement":[{"@type":"ListItem","position":1,"name":"Home","item":"https:\/\/fsg-koesching.de\/"},{"@type":"ListItem","position":2,"name":"Marktmeisterschaft 2019"}]},{"@type":"WebSite","@id":"https:\/\/fsg-koesching.de\/#website","url":"https:\/\/fsg-koesching.de\/","name":"Kgl. priv. FSG K\u00f6sching","description":"gegr\u00fcndet 1553","publisher":{"@id":"https:\/\/fsg-koesching.de\/#organization"},"potentialAction":[{"@type":"SearchAction","target":{"@type":"EntryPoint","urlTemplate":"https:\/\/fsg-koesching.de\/?s={search_term_string}"},"query-input":{"@type":"PropertyValueSpecification","valueRequired":true,"valueName":"search_term_string"}}],"inLanguage":"de"},{"@type":"Organization","@id":"https:\/\/fsg-koesching.de\/#organization","name":"Kgl. priv. FSG K\u00f6sching","url":"https:\/\/fsg-koesching.de\/","logo":{"@type":"ImageObject","inLanguage":"de","@id":"https:\/\/fsg-koesching.de\/#\/schema\/logo\/image\/","url":"https:\/\/fsg-koesching.de\/wp-content\/uploads\/2018\/09\/FSG-LG-Logo-neu-aussen-trans.gif","contentUrl":"https:\/\/fsg-koesching.de\/wp-content\/uploads\/2018\/09\/FSG-LG-Logo-neu-aussen-trans.gif","width":830,"height":865,"caption":"Kgl. priv. FSG K\u00f6sching"},"image":{"@id":"https:\/\/fsg-koesching.de\/#\/schema\/logo\/image\/"}}]}},"_links":{"self":[{"href":"https:\/\/fsg-koesching.de\/index.php?rest_route=\/wp\/v2\/pages\/177","targetHints":{"allow":["GET"]}}],"collection":[{"href":"https:\/\/fsg-koesching.de\/index.php?rest_route=\/wp\/v2\/pages"}],"about":[{"href":"https:\/\/fsg-koesching.de\/index.php?rest_route=\/wp\/v2\/types\/page"}],"author":[{"embeddable":true,"href":"https:\/\/fsg-koesching.de\/index.php?rest_route=\/wp\/v2\/users\/1"}],"replies":[{"embeddable":true,"href":"https:\/\/fsg-koesching.de\/index.php?rest_route=%2Fwp%2Fv2%2Fcomments&post=177"}],"version-history":[{"count":4,"href":"https:\/\/fsg-koesching.de\/index.php?rest_route=\/wp\/v2\/pages\/177\/revisions"}],"predecessor-version":[{"id":2612,"href":"https:\/\/fsg-koesching.de\/index.php?rest_route=\/wp\/v2\/pages\/177\/revisions\/2612"}],"wp:attachment":[{"href":"https:\/\/fsg-koesching.de\/index.php?rest_route=%2Fwp%2Fv2%2Fmedia&parent=177"}],"curies":[{"name":"wp","href":"https:\/\/api.w.org\/{rel}","templated":true}]}}