{"id":2280,"date":"2023-04-21T17:30:49","date_gmt":"2023-04-21T16:30:49","guid":{"rendered":"https:\/\/fsg-koesching.de\/?page_id=2280"},"modified":"2023-05-07T09:51:22","modified_gmt":"2023-05-07T08:51:22","slug":"marktmeisterschaft-2023","status":"publish","type":"page","link":"https:\/\/fsg-koesching.de\/?page_id=2280","title":{"rendered":"Marktmeisterschaft 2023"},"content":{"rendered":"\n<p>In den hier folgenden Informationsseiten, finden Sie alle ben\u00f6tigen Informationen &amp; Ergebnisse zur Marktmeisterschaft 2023.<\/p>\n\n\n\n<h2 class=\"wp-block-heading has-text-align-center\">Lichtgewehr-Marktmeisterschaft 2023<\/h2>\n\n\n<div class=\"wp-block-image\">\n<figure class=\"aligncenter size-large\"><img loading=\"lazy\" decoding=\"async\" width=\"724\" height=\"1024\" src=\"https:\/\/fsg-koesching.de\/wp-content\/uploads\/2023\/05\/Lichtgewehrmarktmeisterschaft1-2023-1-724x1024.jpg\" alt=\"\" class=\"wp-image-2323\" srcset=\"https:\/\/fsg-koesching.de\/wp-content\/uploads\/2023\/05\/Lichtgewehrmarktmeisterschaft1-2023-1-724x1024.jpg 724w, https:\/\/fsg-koesching.de\/wp-content\/uploads\/2023\/05\/Lichtgewehrmarktmeisterschaft1-2023-1-212x300.jpg 212w, https:\/\/fsg-koesching.de\/wp-content\/uploads\/2023\/05\/Lichtgewehrmarktmeisterschaft1-2023-1-768x1087.jpg 768w, https:\/\/fsg-koesching.de\/wp-content\/uploads\/2023\/05\/Lichtgewehrmarktmeisterschaft1-2023-1-1085x1536.jpg 1085w, https:\/\/fsg-koesching.de\/wp-content\/uploads\/2023\/05\/Lichtgewehrmarktmeisterschaft1-2023-1-1447x2048.jpg 1447w, https:\/\/fsg-koesching.de\/wp-content\/uploads\/2023\/05\/Lichtgewehrmarktmeisterschaft1-2023-1-1200x1698.jpg 1200w, https:\/\/fsg-koesching.de\/wp-content\/uploads\/2023\/05\/Lichtgewehrmarktmeisterschaft1-2023-1-1400x1981.jpg 1400w, https:\/\/fsg-koesching.de\/wp-content\/uploads\/2023\/05\/Lichtgewehrmarktmeisterschaft1-2023-1-300x425.jpg 300w, https:\/\/fsg-koesching.de\/wp-content\/uploads\/2023\/05\/Lichtgewehrmarktmeisterschaft1-2023-1-scaled.jpg 1809w\" sizes=\"auto, (max-width: 724px) 100vw, 724px\" \/><\/figure>\n<\/div>\n\n\n<h2 class=\"wp-block-heading has-text-align-center\">K\u00f6schinger Marktmeisterschaft im Sportschie\u00dfen<\/h2>\n\n\n<div class=\"wp-block-image\">\n<figure class=\"aligncenter size-large\"><img loading=\"lazy\" decoding=\"async\" width=\"724\" height=\"1024\" src=\"https:\/\/fsg-koesching.de\/wp-content\/uploads\/2023\/05\/Marktmeisterschaft1-2022-724x1024.jpg\" alt=\"\" class=\"wp-image-2324\" srcset=\"https:\/\/fsg-koesching.de\/wp-content\/uploads\/2023\/05\/Marktmeisterschaft1-2022-724x1024.jpg 724w, https:\/\/fsg-koesching.de\/wp-content\/uploads\/2023\/05\/Marktmeisterschaft1-2022-212x300.jpg 212w, https:\/\/fsg-koesching.de\/wp-content\/uploads\/2023\/05\/Marktmeisterschaft1-2022-768x1087.jpg 768w, https:\/\/fsg-koesching.de\/wp-content\/uploads\/2023\/05\/Marktmeisterschaft1-2022-1085x1536.jpg 1085w, https:\/\/fsg-koesching.de\/wp-content\/uploads\/2023\/05\/Marktmeisterschaft1-2022-1447x2048.jpg 1447w, https:\/\/fsg-koesching.de\/wp-content\/uploads\/2023\/05\/Marktmeisterschaft1-2022-1200x1698.jpg 1200w, https:\/\/fsg-koesching.de\/wp-content\/uploads\/2023\/05\/Marktmeisterschaft1-2022-1400x1981.jpg 1400w, https:\/\/fsg-koesching.de\/wp-content\/uploads\/2023\/05\/Marktmeisterschaft1-2022-300x425.jpg 300w, https:\/\/fsg-koesching.de\/wp-content\/uploads\/2023\/05\/Marktmeisterschaft1-2022-scaled.jpg 1809w\" sizes=\"auto, (max-width: 724px) 100vw, 724px\" \/><\/figure>\n<\/div>","protected":false},"excerpt":{"rendered":"<p>In den hier folgenden Informationsseiten, finden Sie alle ben\u00f6tigen Informationen &amp; Ergebnisse zur Marktmeisterschaft 2023. Lichtgewehr-Marktmeisterschaft 2023 K\u00f6schinger Marktmeisterschaft im Sportschie\u00dfen<\/p>\n","protected":false},"author":1,"featured_media":0,"parent":0,"menu_order":0,"comment_status":"closed","ping_status":"closed","template":"","meta":{"footnotes":""},"class_list":["post-2280","page","type-page","status-publish","hentry","post","without-featured-image"],"yoast_head":"<!-- This site is optimized with the Yoast SEO plugin v27.4 - https:\/\/yoast.com\/product\/yoast-seo-wordpress\/ -->\n<title>Marktmeisterschaft 2023 &#187; Kgl. priv. FSG K\u00f6sching<\/title>\n<meta name=\"robots\" content=\"index, follow, max-snippet:-1, max-image-preview:large, max-video-preview:-1\" \/>\n<link rel=\"canonical\" href=\"https:\/\/fsg-koesching.de\/?page_id=2280\" \/>\n<meta property=\"og:locale\" content=\"de_DE\" \/>\n<meta property=\"og:type\" content=\"article\" \/>\n<meta property=\"og:title\" content=\"Marktmeisterschaft 2023 &#187; Kgl. priv. FSG K\u00f6sching\" \/>\n<meta property=\"og:description\" content=\"In den hier folgenden Informationsseiten, finden Sie alle ben\u00f6tigen Informationen &amp; Ergebnisse zur Marktmeisterschaft 2023. Lichtgewehr-Marktmeisterschaft 2023 K\u00f6schinger Marktmeisterschaft im Sportschie\u00dfen\" \/>\n<meta property=\"og:url\" content=\"https:\/\/fsg-koesching.de\/?page_id=2280\" \/>\n<meta property=\"og:site_name\" content=\"Kgl. priv. FSG K\u00f6sching\" \/>\n<meta property=\"article:modified_time\" content=\"2023-05-07T08:51:22+00:00\" \/>\n<meta property=\"og:image\" content=\"https:\/\/fsg-koesching.de\/wp-content\/uploads\/2023\/05\/Lichtgewehrmarktmeisterschaft1-2023-1-724x1024.jpg\" \/>\n<meta name=\"twitter:card\" content=\"summary_large_image\" \/>\n<meta name=\"twitter:label1\" content=\"Gesch\u00e4tzte Lesezeit\" \/>\n\t<meta name=\"twitter:data1\" content=\"1\u00a0Minute\" \/>\n<script type=\"application\/ld+json\" class=\"yoast-schema-graph\">{\"@context\":\"https:\\\/\\\/schema.org\",\"@graph\":[{\"@type\":\"WebPage\",\"@id\":\"https:\\\/\\\/fsg-koesching.de\\\/?page_id=2280\",\"url\":\"https:\\\/\\\/fsg-koesching.de\\\/?page_id=2280\",\"name\":\"Marktmeisterschaft 2023 &#187; Kgl. priv. FSG K\u00f6sching\",\"isPartOf\":{\"@id\":\"https:\\\/\\\/fsg-koesching.de\\\/#website\"},\"primaryImageOfPage\":{\"@id\":\"https:\\\/\\\/fsg-koesching.de\\\/?page_id=2280#primaryimage\"},\"image\":{\"@id\":\"https:\\\/\\\/fsg-koesching.de\\\/?page_id=2280#primaryimage\"},\"thumbnailUrl\":\"https:\\\/\\\/fsg-koesching.de\\\/wp-content\\\/uploads\\\/2023\\\/05\\\/Lichtgewehrmarktmeisterschaft1-2023-1-724x1024.jpg\",\"datePublished\":\"2023-04-21T16:30:49+00:00\",\"dateModified\":\"2023-05-07T08:51:22+00:00\",\"breadcrumb\":{\"@id\":\"https:\\\/\\\/fsg-koesching.de\\\/?page_id=2280#breadcrumb\"},\"inLanguage\":\"de\",\"potentialAction\":[{\"@type\":\"ReadAction\",\"target\":[\"https:\\\/\\\/fsg-koesching.de\\\/?page_id=2280\"]}]},{\"@type\":\"ImageObject\",\"inLanguage\":\"de\",\"@id\":\"https:\\\/\\\/fsg-koesching.de\\\/?page_id=2280#primaryimage\",\"url\":\"https:\\\/\\\/fsg-koesching.de\\\/wp-content\\\/uploads\\\/2023\\\/05\\\/Lichtgewehrmarktmeisterschaft1-2023-1-scaled.jpg\",\"contentUrl\":\"https:\\\/\\\/fsg-koesching.de\\\/wp-content\\\/uploads\\\/2023\\\/05\\\/Lichtgewehrmarktmeisterschaft1-2023-1-scaled.jpg\",\"width\":1809,\"height\":2560},{\"@type\":\"BreadcrumbList\",\"@id\":\"https:\\\/\\\/fsg-koesching.de\\\/?page_id=2280#breadcrumb\",\"itemListElement\":[{\"@type\":\"ListItem\",\"position\":1,\"name\":\"Home\",\"item\":\"https:\\\/\\\/fsg-koesching.de\\\/\"},{\"@type\":\"ListItem\",\"position\":2,\"name\":\"Marktmeisterschaft 2023\"}]},{\"@type\":\"WebSite\",\"@id\":\"https:\\\/\\\/fsg-koesching.de\\\/#website\",\"url\":\"https:\\\/\\\/fsg-koesching.de\\\/\",\"name\":\"Kgl. priv. FSG K\u00f6sching\",\"description\":\"gegr\u00fcndet 1553\",\"publisher\":{\"@id\":\"https:\\\/\\\/fsg-koesching.de\\\/#organization\"},\"potentialAction\":[{\"@type\":\"SearchAction\",\"target\":{\"@type\":\"EntryPoint\",\"urlTemplate\":\"https:\\\/\\\/fsg-koesching.de\\\/?s={search_term_string}\"},\"query-input\":{\"@type\":\"PropertyValueSpecification\",\"valueRequired\":true,\"valueName\":\"search_term_string\"}}],\"inLanguage\":\"de\"},{\"@type\":\"Organization\",\"@id\":\"https:\\\/\\\/fsg-koesching.de\\\/#organization\",\"name\":\"Kgl. priv. FSG K\u00f6sching\",\"url\":\"https:\\\/\\\/fsg-koesching.de\\\/\",\"logo\":{\"@type\":\"ImageObject\",\"inLanguage\":\"de\",\"@id\":\"https:\\\/\\\/fsg-koesching.de\\\/#\\\/schema\\\/logo\\\/image\\\/\",\"url\":\"https:\\\/\\\/fsg-koesching.de\\\/wp-content\\\/uploads\\\/2018\\\/09\\\/FSG-LG-Logo-neu-aussen-trans.gif\",\"contentUrl\":\"https:\\\/\\\/fsg-koesching.de\\\/wp-content\\\/uploads\\\/2018\\\/09\\\/FSG-LG-Logo-neu-aussen-trans.gif\",\"width\":830,\"height\":865,\"caption\":\"Kgl. priv. FSG K\u00f6sching\"},\"image\":{\"@id\":\"https:\\\/\\\/fsg-koesching.de\\\/#\\\/schema\\\/logo\\\/image\\\/\"}}]}<\/script>\n<!-- \/ Yoast SEO plugin. -->","yoast_head_json":{"title":"Marktmeisterschaft 2023 &#187; Kgl. priv. FSG K\u00f6sching","robots":{"index":"index","follow":"follow","max-snippet":"max-snippet:-1","max-image-preview":"max-image-preview:large","max-video-preview":"max-video-preview:-1"},"canonical":"https:\/\/fsg-koesching.de\/?page_id=2280","og_locale":"de_DE","og_type":"article","og_title":"Marktmeisterschaft 2023 &#187; Kgl. priv. FSG K\u00f6sching","og_description":"In den hier folgenden Informationsseiten, finden Sie alle ben\u00f6tigen Informationen &amp; Ergebnisse zur Marktmeisterschaft 2023. Lichtgewehr-Marktmeisterschaft 2023 K\u00f6schinger Marktmeisterschaft im Sportschie\u00dfen","og_url":"https:\/\/fsg-koesching.de\/?page_id=2280","og_site_name":"Kgl. priv. FSG K\u00f6sching","article_modified_time":"2023-05-07T08:51:22+00:00","og_image":[{"url":"https:\/\/fsg-koesching.de\/wp-content\/uploads\/2023\/05\/Lichtgewehrmarktmeisterschaft1-2023-1-724x1024.jpg","type":"","width":"","height":""}],"twitter_card":"summary_large_image","twitter_misc":{"Gesch\u00e4tzte Lesezeit":"1\u00a0Minute"},"schema":{"@context":"https:\/\/schema.org","@graph":[{"@type":"WebPage","@id":"https:\/\/fsg-koesching.de\/?page_id=2280","url":"https:\/\/fsg-koesching.de\/?page_id=2280","name":"Marktmeisterschaft 2023 &#187; Kgl. priv. FSG K\u00f6sching","isPartOf":{"@id":"https:\/\/fsg-koesching.de\/#website"},"primaryImageOfPage":{"@id":"https:\/\/fsg-koesching.de\/?page_id=2280#primaryimage"},"image":{"@id":"https:\/\/fsg-koesching.de\/?page_id=2280#primaryimage"},"thumbnailUrl":"https:\/\/fsg-koesching.de\/wp-content\/uploads\/2023\/05\/Lichtgewehrmarktmeisterschaft1-2023-1-724x1024.jpg","datePublished":"2023-04-21T16:30:49+00:00","dateModified":"2023-05-07T08:51:22+00:00","breadcrumb":{"@id":"https:\/\/fsg-koesching.de\/?page_id=2280#breadcrumb"},"inLanguage":"de","potentialAction":[{"@type":"ReadAction","target":["https:\/\/fsg-koesching.de\/?page_id=2280"]}]},{"@type":"ImageObject","inLanguage":"de","@id":"https:\/\/fsg-koesching.de\/?page_id=2280#primaryimage","url":"https:\/\/fsg-koesching.de\/wp-content\/uploads\/2023\/05\/Lichtgewehrmarktmeisterschaft1-2023-1-scaled.jpg","contentUrl":"https:\/\/fsg-koesching.de\/wp-content\/uploads\/2023\/05\/Lichtgewehrmarktmeisterschaft1-2023-1-scaled.jpg","width":1809,"height":2560},{"@type":"BreadcrumbList","@id":"https:\/\/fsg-koesching.de\/?page_id=2280#breadcrumb","itemListElement":[{"@type":"ListItem","position":1,"name":"Home","item":"https:\/\/fsg-koesching.de\/"},{"@type":"ListItem","position":2,"name":"Marktmeisterschaft 2023"}]},{"@type":"WebSite","@id":"https:\/\/fsg-koesching.de\/#website","url":"https:\/\/fsg-koesching.de\/","name":"Kgl. priv. FSG K\u00f6sching","description":"gegr\u00fcndet 1553","publisher":{"@id":"https:\/\/fsg-koesching.de\/#organization"},"potentialAction":[{"@type":"SearchAction","target":{"@type":"EntryPoint","urlTemplate":"https:\/\/fsg-koesching.de\/?s={search_term_string}"},"query-input":{"@type":"PropertyValueSpecification","valueRequired":true,"valueName":"search_term_string"}}],"inLanguage":"de"},{"@type":"Organization","@id":"https:\/\/fsg-koesching.de\/#organization","name":"Kgl. priv. FSG K\u00f6sching","url":"https:\/\/fsg-koesching.de\/","logo":{"@type":"ImageObject","inLanguage":"de","@id":"https:\/\/fsg-koesching.de\/#\/schema\/logo\/image\/","url":"https:\/\/fsg-koesching.de\/wp-content\/uploads\/2018\/09\/FSG-LG-Logo-neu-aussen-trans.gif","contentUrl":"https:\/\/fsg-koesching.de\/wp-content\/uploads\/2018\/09\/FSG-LG-Logo-neu-aussen-trans.gif","width":830,"height":865,"caption":"Kgl. priv. FSG K\u00f6sching"},"image":{"@id":"https:\/\/fsg-koesching.de\/#\/schema\/logo\/image\/"}}]}},"_links":{"self":[{"href":"https:\/\/fsg-koesching.de\/index.php?rest_route=\/wp\/v2\/pages\/2280","targetHints":{"allow":["GET"]}}],"collection":[{"href":"https:\/\/fsg-koesching.de\/index.php?rest_route=\/wp\/v2\/pages"}],"about":[{"href":"https:\/\/fsg-koesching.de\/index.php?rest_route=\/wp\/v2\/types\/page"}],"author":[{"embeddable":true,"href":"https:\/\/fsg-koesching.de\/index.php?rest_route=\/wp\/v2\/users\/1"}],"replies":[{"embeddable":true,"href":"https:\/\/fsg-koesching.de\/index.php?rest_route=%2Fwp%2Fv2%2Fcomments&post=2280"}],"version-history":[{"count":2,"href":"https:\/\/fsg-koesching.de\/index.php?rest_route=\/wp\/v2\/pages\/2280\/revisions"}],"predecessor-version":[{"id":2325,"href":"https:\/\/fsg-koesching.de\/index.php?rest_route=\/wp\/v2\/pages\/2280\/revisions\/2325"}],"wp:attachment":[{"href":"https:\/\/fsg-koesching.de\/index.php?rest_route=%2Fwp%2Fv2%2Fmedia&parent=2280"}],"curies":[{"name":"wp","href":"https:\/\/api.w.org\/{rel}","templated":true}]}}