{"id":3190,"date":"2024-10-09T18:40:08","date_gmt":"2024-10-09T17:40:08","guid":{"rendered":"https:\/\/fsg-koesching.de\/?page_id=3190"},"modified":"2024-10-09T18:41:59","modified_gmt":"2024-10-09T17:41:59","slug":"luftdruck","status":"publish","type":"page","link":"https:\/\/fsg-koesching.de\/?page_id=3190","title":{"rendered":"Luftdruck"},"content":{"rendered":"\n<p>Unser Verein verf\u00fcgt \u00fcber moderne Meyton-Schie\u00dfst\u00e4nde auf denen bis zu 17 Sch\u00fctz:innen gleichzeitig mit dem Lichtgewehr, Luftgewehr oder der Luftpistole trainieren k\u00f6nnen. Des weiteren finden auch zahlreiche Meisterschaften, Rundenwettk\u00e4mpfe und sonstige Schie\u00dfsportveranstaltungen neben dem Training statt.<\/p>\n\n\n\n<p>Durch die moderne Technik unserer Meyton-Anlage lassen sich Schussbilder und Ergebnisse, mit eigenem Bildschirm pro Stand, optimal anzeigen und auswerten. Zudem verf\u00fcgen wir \u00fcber zahlreiche Trainingsprogramme, mit der sich verschiedenste Trainingsarten gestalten lassen.<\/p>\n\n\n\n<figure class=\"wp-block-image size-large\"><img loading=\"lazy\" decoding=\"async\" width=\"1024\" height=\"768\" src=\"https:\/\/fsg-koesching.de\/wp-content\/uploads\/2024\/10\/IMG_7880-1024x768.jpeg\" alt=\"\" class=\"wp-image-3191\" srcset=\"https:\/\/fsg-koesching.de\/wp-content\/uploads\/2024\/10\/IMG_7880-1024x768.jpeg 1024w, https:\/\/fsg-koesching.de\/wp-content\/uploads\/2024\/10\/IMG_7880-300x225.jpeg 300w, https:\/\/fsg-koesching.de\/wp-content\/uploads\/2024\/10\/IMG_7880-768x576.jpeg 768w, https:\/\/fsg-koesching.de\/wp-content\/uploads\/2024\/10\/IMG_7880-1536x1152.jpeg 1536w, https:\/\/fsg-koesching.de\/wp-content\/uploads\/2024\/10\/IMG_7880-2048x1536.jpeg 2048w, https:\/\/fsg-koesching.de\/wp-content\/uploads\/2024\/10\/IMG_7880-1200x900.jpeg 1200w, https:\/\/fsg-koesching.de\/wp-content\/uploads\/2024\/10\/IMG_7880-1400x1050.jpeg 1400w\" sizes=\"auto, (max-width: 1024px) 100vw, 1024px\" \/><\/figure>\n","protected":false},"excerpt":{"rendered":"<p>Unser Verein verf\u00fcgt \u00fcber moderne Meyton-Schie\u00dfst\u00e4nde auf denen bis zu 17 Sch\u00fctz:innen gleichzeitig mit dem Lichtgewehr, Luftgewehr oder der Luftpistole trainieren k\u00f6nnen. Des weiteren finden auch zahlreiche Meisterschaften, Rundenwettk\u00e4mpfe und sonstige Schie\u00dfsportveranstaltungen neben dem Training statt. Durch die moderne Technik unserer Meyton-Anlage lassen sich Schussbilder und Ergebnisse, mit eigenem Bildschirm pro Stand, optimal anzeigen und &hellip;<\/p>\n","protected":false},"author":1,"featured_media":0,"parent":0,"menu_order":0,"comment_status":"closed","ping_status":"closed","template":"","meta":{"footnotes":""},"class_list":["post-3190","page","type-page","status-publish","hentry","post","without-featured-image"],"yoast_head":"<!-- This site is optimized with the Yoast SEO plugin v27.4 - https:\/\/yoast.com\/product\/yoast-seo-wordpress\/ -->\n<title>Luftdruck &#187; Kgl. priv. FSG K\u00f6sching<\/title>\n<meta name=\"robots\" content=\"index, follow, max-snippet:-1, max-image-preview:large, max-video-preview:-1\" \/>\n<link rel=\"canonical\" href=\"https:\/\/fsg-koesching.de\/?page_id=3190\" \/>\n<meta property=\"og:locale\" content=\"de_DE\" \/>\n<meta property=\"og:type\" content=\"article\" \/>\n<meta property=\"og:title\" content=\"Luftdruck &#187; Kgl. priv. FSG K\u00f6sching\" \/>\n<meta property=\"og:description\" content=\"Unser Verein verf\u00fcgt \u00fcber moderne Meyton-Schie\u00dfst\u00e4nde auf denen bis zu 17 Sch\u00fctz:innen gleichzeitig mit dem Lichtgewehr, Luftgewehr oder der Luftpistole trainieren k\u00f6nnen. Des weiteren finden auch zahlreiche Meisterschaften, Rundenwettk\u00e4mpfe und sonstige Schie\u00dfsportveranstaltungen neben dem Training statt. Durch die moderne Technik unserer Meyton-Anlage lassen sich Schussbilder und Ergebnisse, mit eigenem Bildschirm pro Stand, optimal anzeigen und &hellip;\" \/>\n<meta property=\"og:url\" content=\"https:\/\/fsg-koesching.de\/?page_id=3190\" \/>\n<meta property=\"og:site_name\" content=\"Kgl. priv. FSG K\u00f6sching\" \/>\n<meta property=\"article:modified_time\" content=\"2024-10-09T17:41:59+00:00\" \/>\n<meta property=\"og:image\" content=\"https:\/\/fsg-koesching.de\/wp-content\/uploads\/2024\/10\/IMG_7880-1024x768.jpeg\" \/>\n<meta name=\"twitter:card\" content=\"summary_large_image\" \/>\n<meta name=\"twitter:label1\" content=\"Gesch\u00e4tzte Lesezeit\" \/>\n\t<meta name=\"twitter:data1\" content=\"1\u00a0Minute\" \/>\n<script type=\"application\/ld+json\" class=\"yoast-schema-graph\">{\"@context\":\"https:\\\/\\\/schema.org\",\"@graph\":[{\"@type\":\"WebPage\",\"@id\":\"https:\\\/\\\/fsg-koesching.de\\\/?page_id=3190\",\"url\":\"https:\\\/\\\/fsg-koesching.de\\\/?page_id=3190\",\"name\":\"Luftdruck &#187; Kgl. priv. FSG K\u00f6sching\",\"isPartOf\":{\"@id\":\"https:\\\/\\\/fsg-koesching.de\\\/#website\"},\"primaryImageOfPage\":{\"@id\":\"https:\\\/\\\/fsg-koesching.de\\\/?page_id=3190#primaryimage\"},\"image\":{\"@id\":\"https:\\\/\\\/fsg-koesching.de\\\/?page_id=3190#primaryimage\"},\"thumbnailUrl\":\"https:\\\/\\\/fsg-koesching.de\\\/wp-content\\\/uploads\\\/2024\\\/10\\\/IMG_7880-1024x768.jpeg\",\"datePublished\":\"2024-10-09T17:40:08+00:00\",\"dateModified\":\"2024-10-09T17:41:59+00:00\",\"breadcrumb\":{\"@id\":\"https:\\\/\\\/fsg-koesching.de\\\/?page_id=3190#breadcrumb\"},\"inLanguage\":\"de\",\"potentialAction\":[{\"@type\":\"ReadAction\",\"target\":[\"https:\\\/\\\/fsg-koesching.de\\\/?page_id=3190\"]}]},{\"@type\":\"ImageObject\",\"inLanguage\":\"de\",\"@id\":\"https:\\\/\\\/fsg-koesching.de\\\/?page_id=3190#primaryimage\",\"url\":\"https:\\\/\\\/fsg-koesching.de\\\/wp-content\\\/uploads\\\/2024\\\/10\\\/IMG_7880-scaled.jpeg\",\"contentUrl\":\"https:\\\/\\\/fsg-koesching.de\\\/wp-content\\\/uploads\\\/2024\\\/10\\\/IMG_7880-scaled.jpeg\",\"width\":2560,\"height\":1920},{\"@type\":\"BreadcrumbList\",\"@id\":\"https:\\\/\\\/fsg-koesching.de\\\/?page_id=3190#breadcrumb\",\"itemListElement\":[{\"@type\":\"ListItem\",\"position\":1,\"name\":\"Home\",\"item\":\"https:\\\/\\\/fsg-koesching.de\\\/\"},{\"@type\":\"ListItem\",\"position\":2,\"name\":\"Luftdruck\"}]},{\"@type\":\"WebSite\",\"@id\":\"https:\\\/\\\/fsg-koesching.de\\\/#website\",\"url\":\"https:\\\/\\\/fsg-koesching.de\\\/\",\"name\":\"Kgl. priv. FSG K\u00f6sching\",\"description\":\"gegr\u00fcndet 1553\",\"publisher\":{\"@id\":\"https:\\\/\\\/fsg-koesching.de\\\/#organization\"},\"potentialAction\":[{\"@type\":\"SearchAction\",\"target\":{\"@type\":\"EntryPoint\",\"urlTemplate\":\"https:\\\/\\\/fsg-koesching.de\\\/?s={search_term_string}\"},\"query-input\":{\"@type\":\"PropertyValueSpecification\",\"valueRequired\":true,\"valueName\":\"search_term_string\"}}],\"inLanguage\":\"de\"},{\"@type\":\"Organization\",\"@id\":\"https:\\\/\\\/fsg-koesching.de\\\/#organization\",\"name\":\"Kgl. priv. FSG K\u00f6sching\",\"url\":\"https:\\\/\\\/fsg-koesching.de\\\/\",\"logo\":{\"@type\":\"ImageObject\",\"inLanguage\":\"de\",\"@id\":\"https:\\\/\\\/fsg-koesching.de\\\/#\\\/schema\\\/logo\\\/image\\\/\",\"url\":\"https:\\\/\\\/fsg-koesching.de\\\/wp-content\\\/uploads\\\/2018\\\/09\\\/FSG-LG-Logo-neu-aussen-trans.gif\",\"contentUrl\":\"https:\\\/\\\/fsg-koesching.de\\\/wp-content\\\/uploads\\\/2018\\\/09\\\/FSG-LG-Logo-neu-aussen-trans.gif\",\"width\":830,\"height\":865,\"caption\":\"Kgl. priv. FSG K\u00f6sching\"},\"image\":{\"@id\":\"https:\\\/\\\/fsg-koesching.de\\\/#\\\/schema\\\/logo\\\/image\\\/\"}}]}<\/script>\n<!-- \/ Yoast SEO plugin. -->","yoast_head_json":{"title":"Luftdruck &#187; Kgl. priv. FSG K\u00f6sching","robots":{"index":"index","follow":"follow","max-snippet":"max-snippet:-1","max-image-preview":"max-image-preview:large","max-video-preview":"max-video-preview:-1"},"canonical":"https:\/\/fsg-koesching.de\/?page_id=3190","og_locale":"de_DE","og_type":"article","og_title":"Luftdruck &#187; Kgl. priv. FSG K\u00f6sching","og_description":"Unser Verein verf\u00fcgt \u00fcber moderne Meyton-Schie\u00dfst\u00e4nde auf denen bis zu 17 Sch\u00fctz:innen gleichzeitig mit dem Lichtgewehr, Luftgewehr oder der Luftpistole trainieren k\u00f6nnen. Des weiteren finden auch zahlreiche Meisterschaften, Rundenwettk\u00e4mpfe und sonstige Schie\u00dfsportveranstaltungen neben dem Training statt. Durch die moderne Technik unserer Meyton-Anlage lassen sich Schussbilder und Ergebnisse, mit eigenem Bildschirm pro Stand, optimal anzeigen und &hellip;","og_url":"https:\/\/fsg-koesching.de\/?page_id=3190","og_site_name":"Kgl. priv. FSG K\u00f6sching","article_modified_time":"2024-10-09T17:41:59+00:00","og_image":[{"url":"https:\/\/fsg-koesching.de\/wp-content\/uploads\/2024\/10\/IMG_7880-1024x768.jpeg","type":"","width":"","height":""}],"twitter_card":"summary_large_image","twitter_misc":{"Gesch\u00e4tzte Lesezeit":"1\u00a0Minute"},"schema":{"@context":"https:\/\/schema.org","@graph":[{"@type":"WebPage","@id":"https:\/\/fsg-koesching.de\/?page_id=3190","url":"https:\/\/fsg-koesching.de\/?page_id=3190","name":"Luftdruck &#187; Kgl. priv. FSG K\u00f6sching","isPartOf":{"@id":"https:\/\/fsg-koesching.de\/#website"},"primaryImageOfPage":{"@id":"https:\/\/fsg-koesching.de\/?page_id=3190#primaryimage"},"image":{"@id":"https:\/\/fsg-koesching.de\/?page_id=3190#primaryimage"},"thumbnailUrl":"https:\/\/fsg-koesching.de\/wp-content\/uploads\/2024\/10\/IMG_7880-1024x768.jpeg","datePublished":"2024-10-09T17:40:08+00:00","dateModified":"2024-10-09T17:41:59+00:00","breadcrumb":{"@id":"https:\/\/fsg-koesching.de\/?page_id=3190#breadcrumb"},"inLanguage":"de","potentialAction":[{"@type":"ReadAction","target":["https:\/\/fsg-koesching.de\/?page_id=3190"]}]},{"@type":"ImageObject","inLanguage":"de","@id":"https:\/\/fsg-koesching.de\/?page_id=3190#primaryimage","url":"https:\/\/fsg-koesching.de\/wp-content\/uploads\/2024\/10\/IMG_7880-scaled.jpeg","contentUrl":"https:\/\/fsg-koesching.de\/wp-content\/uploads\/2024\/10\/IMG_7880-scaled.jpeg","width":2560,"height":1920},{"@type":"BreadcrumbList","@id":"https:\/\/fsg-koesching.de\/?page_id=3190#breadcrumb","itemListElement":[{"@type":"ListItem","position":1,"name":"Home","item":"https:\/\/fsg-koesching.de\/"},{"@type":"ListItem","position":2,"name":"Luftdruck"}]},{"@type":"WebSite","@id":"https:\/\/fsg-koesching.de\/#website","url":"https:\/\/fsg-koesching.de\/","name":"Kgl. priv. FSG K\u00f6sching","description":"gegr\u00fcndet 1553","publisher":{"@id":"https:\/\/fsg-koesching.de\/#organization"},"potentialAction":[{"@type":"SearchAction","target":{"@type":"EntryPoint","urlTemplate":"https:\/\/fsg-koesching.de\/?s={search_term_string}"},"query-input":{"@type":"PropertyValueSpecification","valueRequired":true,"valueName":"search_term_string"}}],"inLanguage":"de"},{"@type":"Organization","@id":"https:\/\/fsg-koesching.de\/#organization","name":"Kgl. priv. FSG K\u00f6sching","url":"https:\/\/fsg-koesching.de\/","logo":{"@type":"ImageObject","inLanguage":"de","@id":"https:\/\/fsg-koesching.de\/#\/schema\/logo\/image\/","url":"https:\/\/fsg-koesching.de\/wp-content\/uploads\/2018\/09\/FSG-LG-Logo-neu-aussen-trans.gif","contentUrl":"https:\/\/fsg-koesching.de\/wp-content\/uploads\/2018\/09\/FSG-LG-Logo-neu-aussen-trans.gif","width":830,"height":865,"caption":"Kgl. priv. FSG K\u00f6sching"},"image":{"@id":"https:\/\/fsg-koesching.de\/#\/schema\/logo\/image\/"}}]}},"_links":{"self":[{"href":"https:\/\/fsg-koesching.de\/index.php?rest_route=\/wp\/v2\/pages\/3190","targetHints":{"allow":["GET"]}}],"collection":[{"href":"https:\/\/fsg-koesching.de\/index.php?rest_route=\/wp\/v2\/pages"}],"about":[{"href":"https:\/\/fsg-koesching.de\/index.php?rest_route=\/wp\/v2\/types\/page"}],"author":[{"embeddable":true,"href":"https:\/\/fsg-koesching.de\/index.php?rest_route=\/wp\/v2\/users\/1"}],"replies":[{"embeddable":true,"href":"https:\/\/fsg-koesching.de\/index.php?rest_route=%2Fwp%2Fv2%2Fcomments&post=3190"}],"version-history":[{"count":2,"href":"https:\/\/fsg-koesching.de\/index.php?rest_route=\/wp\/v2\/pages\/3190\/revisions"}],"predecessor-version":[{"id":3195,"href":"https:\/\/fsg-koesching.de\/index.php?rest_route=\/wp\/v2\/pages\/3190\/revisions\/3195"}],"wp:attachment":[{"href":"https:\/\/fsg-koesching.de\/index.php?rest_route=%2Fwp%2Fv2%2Fmedia&parent=3190"}],"curies":[{"name":"wp","href":"https:\/\/api.w.org\/{rel}","templated":true}]}}