{"id":3196,"date":"2024-10-09T18:50:14","date_gmt":"2024-10-09T17:50:14","guid":{"rendered":"https:\/\/fsg-koesching.de\/?page_id=3196"},"modified":"2024-10-09T18:50:15","modified_gmt":"2024-10-09T17:50:15","slug":"klein-grosskaliber","status":"publish","type":"page","link":"https:\/\/fsg-koesching.de\/?page_id=3196","title":{"rendered":"Klein- &amp; Gro\u00dfkaliber"},"content":{"rendered":"\n<p>Neben unserem Luftdruckstand verf\u00fcgen wir auch \u00fcber einen Klein- &amp; Gro\u00dfkaliberstand mit Zielweiten von 15\/25\/50m.<br>Bei uns kann man mit Zimmerstutzen (15m), Kleinkaliber Sportpistole (25m), Gro\u00dfkaliber (25m) als auch Kleinkaliber Langwaffen (25\/50m) schie\u00dfen. <\/p>\n\n\n\n<p>Das regul\u00e4re Klein- &amp; Gro\u00dfkaliber-Training findet jeden Dienstag ab 19 Uhr statt. Interessierte am Klein- &amp; Gro\u00dfkaliberschie\u00dfen sind bei uns herzlich Willkommen und haben bei uns die M\u00f6glichkeit sich diesen Schie\u00dfsport einmal anzusehen &amp; ggfls. auszuprobieren. (<em>Es gelten bestimmte Altersbeschr\u00e4nkungen<\/em>.)<\/p>\n\n\n\n<figure class=\"wp-block-gallery has-nested-images columns-default is-cropped wp-block-gallery-1 is-layout-flex wp-block-gallery-is-layout-flex\">\n<figure class=\"wp-block-image size-large\"><img loading=\"lazy\" decoding=\"async\" width=\"1024\" height=\"768\" data-id=\"3199\" src=\"https:\/\/fsg-koesching.de\/wp-content\/uploads\/2024\/10\/IMG_7893-1024x768.jpeg\" alt=\"\" class=\"wp-image-3199\" srcset=\"https:\/\/fsg-koesching.de\/wp-content\/uploads\/2024\/10\/IMG_7893-1024x768.jpeg 1024w, https:\/\/fsg-koesching.de\/wp-content\/uploads\/2024\/10\/IMG_7893-300x225.jpeg 300w, https:\/\/fsg-koesching.de\/wp-content\/uploads\/2024\/10\/IMG_7893-768x576.jpeg 768w, https:\/\/fsg-koesching.de\/wp-content\/uploads\/2024\/10\/IMG_7893-1536x1152.jpeg 1536w, https:\/\/fsg-koesching.de\/wp-content\/uploads\/2024\/10\/IMG_7893-2048x1536.jpeg 2048w, https:\/\/fsg-koesching.de\/wp-content\/uploads\/2024\/10\/IMG_7893-1200x900.jpeg 1200w, https:\/\/fsg-koesching.de\/wp-content\/uploads\/2024\/10\/IMG_7893-1400x1050.jpeg 1400w\" sizes=\"auto, (max-width: 1024px) 100vw, 1024px\" \/><\/figure>\n\n\n\n<figure class=\"wp-block-image size-large\"><img loading=\"lazy\" decoding=\"async\" width=\"1024\" height=\"768\" data-id=\"3198\" src=\"https:\/\/fsg-koesching.de\/wp-content\/uploads\/2024\/10\/IMG_7898-1024x768.jpeg\" alt=\"\" class=\"wp-image-3198\" srcset=\"https:\/\/fsg-koesching.de\/wp-content\/uploads\/2024\/10\/IMG_7898-1024x768.jpeg 1024w, https:\/\/fsg-koesching.de\/wp-content\/uploads\/2024\/10\/IMG_7898-300x225.jpeg 300w, https:\/\/fsg-koesching.de\/wp-content\/uploads\/2024\/10\/IMG_7898-768x576.jpeg 768w, https:\/\/fsg-koesching.de\/wp-content\/uploads\/2024\/10\/IMG_7898-1536x1152.jpeg 1536w, https:\/\/fsg-koesching.de\/wp-content\/uploads\/2024\/10\/IMG_7898-2048x1536.jpeg 2048w, https:\/\/fsg-koesching.de\/wp-content\/uploads\/2024\/10\/IMG_7898-1200x900.jpeg 1200w, https:\/\/fsg-koesching.de\/wp-content\/uploads\/2024\/10\/IMG_7898-1400x1050.jpeg 1400w\" sizes=\"auto, (max-width: 1024px) 100vw, 1024px\" \/><\/figure>\n\n\n\n<figure class=\"wp-block-image size-large\"><img loading=\"lazy\" decoding=\"async\" width=\"1024\" height=\"768\" data-id=\"3197\" src=\"https:\/\/fsg-koesching.de\/wp-content\/uploads\/2024\/10\/IMG_7892-1024x768.jpeg\" alt=\"\" class=\"wp-image-3197\" srcset=\"https:\/\/fsg-koesching.de\/wp-content\/uploads\/2024\/10\/IMG_7892-1024x768.jpeg 1024w, https:\/\/fsg-koesching.de\/wp-content\/uploads\/2024\/10\/IMG_7892-300x225.jpeg 300w, https:\/\/fsg-koesching.de\/wp-content\/uploads\/2024\/10\/IMG_7892-768x576.jpeg 768w, https:\/\/fsg-koesching.de\/wp-content\/uploads\/2024\/10\/IMG_7892-1536x1152.jpeg 1536w, https:\/\/fsg-koesching.de\/wp-content\/uploads\/2024\/10\/IMG_7892-2048x1536.jpeg 2048w, https:\/\/fsg-koesching.de\/wp-content\/uploads\/2024\/10\/IMG_7892-1200x900.jpeg 1200w, https:\/\/fsg-koesching.de\/wp-content\/uploads\/2024\/10\/IMG_7892-1400x1050.jpeg 1400w\" sizes=\"auto, (max-width: 1024px) 100vw, 1024px\" \/><\/figure>\n<\/figure>\n","protected":false},"excerpt":{"rendered":"<p>Neben unserem Luftdruckstand verf\u00fcgen wir auch \u00fcber einen Klein- &amp; Gro\u00dfkaliberstand mit Zielweiten von 15\/25\/50m.Bei uns kann man mit Zimmerstutzen (15m), Kleinkaliber Sportpistole (25m), Gro\u00dfkaliber (25m) als auch Kleinkaliber Langwaffen (25\/50m) schie\u00dfen. Das regul\u00e4re Klein- &amp; Gro\u00dfkaliber-Training findet jeden Dienstag ab 19 Uhr statt. Interessierte am Klein- &amp; Gro\u00dfkaliberschie\u00dfen sind bei uns herzlich Willkommen und &hellip;<\/p>\n","protected":false},"author":1,"featured_media":0,"parent":0,"menu_order":0,"comment_status":"closed","ping_status":"closed","template":"","meta":{"footnotes":""},"class_list":["post-3196","page","type-page","status-publish","hentry","post","without-featured-image"],"yoast_head":"<!-- This site is optimized with the Yoast SEO plugin v27.0 - https:\/\/yoast.com\/product\/yoast-seo-wordpress\/ -->\n<title>Klein- &amp; Gro\u00dfkaliber &#187; Kgl. priv. FSG K\u00f6sching<\/title>\n<meta name=\"robots\" content=\"index, follow, max-snippet:-1, max-image-preview:large, max-video-preview:-1\" \/>\n<link rel=\"canonical\" href=\"https:\/\/fsg-koesching.de\/?page_id=3196\" \/>\n<meta property=\"og:locale\" content=\"de_DE\" \/>\n<meta property=\"og:type\" content=\"article\" \/>\n<meta property=\"og:title\" content=\"Klein- &amp; Gro\u00dfkaliber &#187; Kgl. priv. FSG K\u00f6sching\" \/>\n<meta property=\"og:description\" content=\"Neben unserem Luftdruckstand verf\u00fcgen wir auch \u00fcber einen Klein- &amp; Gro\u00dfkaliberstand mit Zielweiten von 15\/25\/50m.Bei uns kann man mit Zimmerstutzen (15m), Kleinkaliber Sportpistole (25m), Gro\u00dfkaliber (25m) als auch Kleinkaliber Langwaffen (25\/50m) schie\u00dfen. Das regul\u00e4re Klein- &amp; Gro\u00dfkaliber-Training findet jeden Dienstag ab 19 Uhr statt. Interessierte am Klein- &amp; Gro\u00dfkaliberschie\u00dfen sind bei uns herzlich Willkommen und &hellip;\" \/>\n<meta property=\"og:url\" content=\"https:\/\/fsg-koesching.de\/?page_id=3196\" \/>\n<meta property=\"og:site_name\" content=\"Kgl. priv. FSG K\u00f6sching\" \/>\n<meta property=\"article:modified_time\" content=\"2024-10-09T17:50:15+00:00\" \/>\n<meta property=\"og:image\" content=\"https:\/\/fsg-koesching.de\/wp-content\/uploads\/2024\/10\/IMG_7893-1024x768.jpeg\" \/>\n<meta name=\"twitter:card\" content=\"summary_large_image\" \/>\n<meta name=\"twitter:label1\" content=\"Gesch\u00e4tzte Lesezeit\" \/>\n\t<meta name=\"twitter:data1\" content=\"1\u00a0Minute\" \/>\n<script type=\"application\/ld+json\" class=\"yoast-schema-graph\">{\"@context\":\"https:\/\/schema.org\",\"@graph\":[{\"@type\":\"WebPage\",\"@id\":\"https:\/\/fsg-koesching.de\/?page_id=3196\",\"url\":\"https:\/\/fsg-koesching.de\/?page_id=3196\",\"name\":\"Klein- &amp; Gro\u00dfkaliber &#187; Kgl. priv. FSG K\u00f6sching\",\"isPartOf\":{\"@id\":\"https:\/\/fsg-koesching.de\/#website\"},\"primaryImageOfPage\":{\"@id\":\"https:\/\/fsg-koesching.de\/?page_id=3196#primaryimage\"},\"image\":{\"@id\":\"https:\/\/fsg-koesching.de\/?page_id=3196#primaryimage\"},\"thumbnailUrl\":\"https:\/\/fsg-koesching.de\/wp-content\/uploads\/2024\/10\/IMG_7893-1024x768.jpeg\",\"datePublished\":\"2024-10-09T17:50:14+00:00\",\"dateModified\":\"2024-10-09T17:50:15+00:00\",\"breadcrumb\":{\"@id\":\"https:\/\/fsg-koesching.de\/?page_id=3196#breadcrumb\"},\"inLanguage\":\"de\",\"potentialAction\":[{\"@type\":\"ReadAction\",\"target\":[\"https:\/\/fsg-koesching.de\/?page_id=3196\"]}]},{\"@type\":\"ImageObject\",\"inLanguage\":\"de\",\"@id\":\"https:\/\/fsg-koesching.de\/?page_id=3196#primaryimage\",\"url\":\"https:\/\/fsg-koesching.de\/wp-content\/uploads\/2024\/10\/IMG_7893-scaled.jpeg\",\"contentUrl\":\"https:\/\/fsg-koesching.de\/wp-content\/uploads\/2024\/10\/IMG_7893-scaled.jpeg\",\"width\":2560,\"height\":1920},{\"@type\":\"BreadcrumbList\",\"@id\":\"https:\/\/fsg-koesching.de\/?page_id=3196#breadcrumb\",\"itemListElement\":[{\"@type\":\"ListItem\",\"position\":1,\"name\":\"Home\",\"item\":\"https:\/\/fsg-koesching.de\/\"},{\"@type\":\"ListItem\",\"position\":2,\"name\":\"Klein- &amp; Gro\u00dfkaliber\"}]},{\"@type\":\"WebSite\",\"@id\":\"https:\/\/fsg-koesching.de\/#website\",\"url\":\"https:\/\/fsg-koesching.de\/\",\"name\":\"Kgl. priv. FSG K\u00f6sching\",\"description\":\"gegr\u00fcndet 1553\",\"publisher\":{\"@id\":\"https:\/\/fsg-koesching.de\/#organization\"},\"potentialAction\":[{\"@type\":\"SearchAction\",\"target\":{\"@type\":\"EntryPoint\",\"urlTemplate\":\"https:\/\/fsg-koesching.de\/?s={search_term_string}\"},\"query-input\":{\"@type\":\"PropertyValueSpecification\",\"valueRequired\":true,\"valueName\":\"search_term_string\"}}],\"inLanguage\":\"de\"},{\"@type\":\"Organization\",\"@id\":\"https:\/\/fsg-koesching.de\/#organization\",\"name\":\"Kgl. priv. FSG K\u00f6sching\",\"url\":\"https:\/\/fsg-koesching.de\/\",\"logo\":{\"@type\":\"ImageObject\",\"inLanguage\":\"de\",\"@id\":\"https:\/\/fsg-koesching.de\/#\/schema\/logo\/image\/\",\"url\":\"https:\/\/fsg-koesching.de\/wp-content\/uploads\/2018\/09\/FSG-LG-Logo-neu-aussen-trans.gif\",\"contentUrl\":\"https:\/\/fsg-koesching.de\/wp-content\/uploads\/2018\/09\/FSG-LG-Logo-neu-aussen-trans.gif\",\"width\":830,\"height\":865,\"caption\":\"Kgl. priv. FSG K\u00f6sching\"},\"image\":{\"@id\":\"https:\/\/fsg-koesching.de\/#\/schema\/logo\/image\/\"}}]}<\/script>\n<!-- \/ Yoast SEO plugin. -->","yoast_head_json":{"title":"Klein- &amp; Gro\u00dfkaliber &#187; Kgl. priv. FSG K\u00f6sching","robots":{"index":"index","follow":"follow","max-snippet":"max-snippet:-1","max-image-preview":"max-image-preview:large","max-video-preview":"max-video-preview:-1"},"canonical":"https:\/\/fsg-koesching.de\/?page_id=3196","og_locale":"de_DE","og_type":"article","og_title":"Klein- &amp; Gro\u00dfkaliber &#187; Kgl. priv. FSG K\u00f6sching","og_description":"Neben unserem Luftdruckstand verf\u00fcgen wir auch \u00fcber einen Klein- &amp; Gro\u00dfkaliberstand mit Zielweiten von 15\/25\/50m.Bei uns kann man mit Zimmerstutzen (15m), Kleinkaliber Sportpistole (25m), Gro\u00dfkaliber (25m) als auch Kleinkaliber Langwaffen (25\/50m) schie\u00dfen. Das regul\u00e4re Klein- &amp; Gro\u00dfkaliber-Training findet jeden Dienstag ab 19 Uhr statt. Interessierte am Klein- &amp; Gro\u00dfkaliberschie\u00dfen sind bei uns herzlich Willkommen und &hellip;","og_url":"https:\/\/fsg-koesching.de\/?page_id=3196","og_site_name":"Kgl. priv. FSG K\u00f6sching","article_modified_time":"2024-10-09T17:50:15+00:00","og_image":[{"url":"https:\/\/fsg-koesching.de\/wp-content\/uploads\/2024\/10\/IMG_7893-1024x768.jpeg","type":"","width":"","height":""}],"twitter_card":"summary_large_image","twitter_misc":{"Gesch\u00e4tzte Lesezeit":"1\u00a0Minute"},"schema":{"@context":"https:\/\/schema.org","@graph":[{"@type":"WebPage","@id":"https:\/\/fsg-koesching.de\/?page_id=3196","url":"https:\/\/fsg-koesching.de\/?page_id=3196","name":"Klein- &amp; Gro\u00dfkaliber &#187; Kgl. priv. FSG K\u00f6sching","isPartOf":{"@id":"https:\/\/fsg-koesching.de\/#website"},"primaryImageOfPage":{"@id":"https:\/\/fsg-koesching.de\/?page_id=3196#primaryimage"},"image":{"@id":"https:\/\/fsg-koesching.de\/?page_id=3196#primaryimage"},"thumbnailUrl":"https:\/\/fsg-koesching.de\/wp-content\/uploads\/2024\/10\/IMG_7893-1024x768.jpeg","datePublished":"2024-10-09T17:50:14+00:00","dateModified":"2024-10-09T17:50:15+00:00","breadcrumb":{"@id":"https:\/\/fsg-koesching.de\/?page_id=3196#breadcrumb"},"inLanguage":"de","potentialAction":[{"@type":"ReadAction","target":["https:\/\/fsg-koesching.de\/?page_id=3196"]}]},{"@type":"ImageObject","inLanguage":"de","@id":"https:\/\/fsg-koesching.de\/?page_id=3196#primaryimage","url":"https:\/\/fsg-koesching.de\/wp-content\/uploads\/2024\/10\/IMG_7893-scaled.jpeg","contentUrl":"https:\/\/fsg-koesching.de\/wp-content\/uploads\/2024\/10\/IMG_7893-scaled.jpeg","width":2560,"height":1920},{"@type":"BreadcrumbList","@id":"https:\/\/fsg-koesching.de\/?page_id=3196#breadcrumb","itemListElement":[{"@type":"ListItem","position":1,"name":"Home","item":"https:\/\/fsg-koesching.de\/"},{"@type":"ListItem","position":2,"name":"Klein- &amp; Gro\u00dfkaliber"}]},{"@type":"WebSite","@id":"https:\/\/fsg-koesching.de\/#website","url":"https:\/\/fsg-koesching.de\/","name":"Kgl. priv. FSG K\u00f6sching","description":"gegr\u00fcndet 1553","publisher":{"@id":"https:\/\/fsg-koesching.de\/#organization"},"potentialAction":[{"@type":"SearchAction","target":{"@type":"EntryPoint","urlTemplate":"https:\/\/fsg-koesching.de\/?s={search_term_string}"},"query-input":{"@type":"PropertyValueSpecification","valueRequired":true,"valueName":"search_term_string"}}],"inLanguage":"de"},{"@type":"Organization","@id":"https:\/\/fsg-koesching.de\/#organization","name":"Kgl. priv. FSG K\u00f6sching","url":"https:\/\/fsg-koesching.de\/","logo":{"@type":"ImageObject","inLanguage":"de","@id":"https:\/\/fsg-koesching.de\/#\/schema\/logo\/image\/","url":"https:\/\/fsg-koesching.de\/wp-content\/uploads\/2018\/09\/FSG-LG-Logo-neu-aussen-trans.gif","contentUrl":"https:\/\/fsg-koesching.de\/wp-content\/uploads\/2018\/09\/FSG-LG-Logo-neu-aussen-trans.gif","width":830,"height":865,"caption":"Kgl. priv. FSG K\u00f6sching"},"image":{"@id":"https:\/\/fsg-koesching.de\/#\/schema\/logo\/image\/"}}]}},"_links":{"self":[{"href":"https:\/\/fsg-koesching.de\/index.php?rest_route=\/wp\/v2\/pages\/3196","targetHints":{"allow":["GET"]}}],"collection":[{"href":"https:\/\/fsg-koesching.de\/index.php?rest_route=\/wp\/v2\/pages"}],"about":[{"href":"https:\/\/fsg-koesching.de\/index.php?rest_route=\/wp\/v2\/types\/page"}],"author":[{"embeddable":true,"href":"https:\/\/fsg-koesching.de\/index.php?rest_route=\/wp\/v2\/users\/1"}],"replies":[{"embeddable":true,"href":"https:\/\/fsg-koesching.de\/index.php?rest_route=%2Fwp%2Fv2%2Fcomments&post=3196"}],"version-history":[{"count":1,"href":"https:\/\/fsg-koesching.de\/index.php?rest_route=\/wp\/v2\/pages\/3196\/revisions"}],"predecessor-version":[{"id":3200,"href":"https:\/\/fsg-koesching.de\/index.php?rest_route=\/wp\/v2\/pages\/3196\/revisions\/3200"}],"wp:attachment":[{"href":"https:\/\/fsg-koesching.de\/index.php?rest_route=%2Fwp%2Fv2%2Fmedia&parent=3196"}],"curies":[{"name":"wp","href":"https:\/\/api.w.org\/{rel}","templated":true}]}}