{"id":3203,"date":"2024-10-09T19:00:22","date_gmt":"2024-10-09T18:00:22","guid":{"rendered":"https:\/\/fsg-koesching.de\/?page_id=3203"},"modified":"2026-03-16T21:05:56","modified_gmt":"2026-03-16T20:05:56","slug":"vorstand-ausschuss","status":"publish","type":"page","link":"https:\/\/fsg-koesching.de\/?page_id=3203","title":{"rendered":"Vorstand &amp; Ausschuss"},"content":{"rendered":"\n<p>Neben den vielen Mitgliedern unseres Vereins sind nat\u00fcrlich auch die Menschen im Hintergrund wichtig, die die Geschicke der FSG K\u00f6sching lenken.<\/p>\n\n\n\n<p>Gerne stellt sich hier der Vorstand &amp; Ausschuss vor:<\/p>\n\n\n\n<ul class=\"wp-block-list\">\n<li>1. Sch\u00fctzenmeister: Schade Philip<\/li>\n\n\n\n<li>2. Sch\u00fctzenmeister: Sp\u00e4th Karl<\/li>\n\n\n\n<li>1. Schatzmeister: Prauser Albert<\/li>\n\n\n\n<li>1. Schriftf\u00fchrerin: Sch\u00f6nle-Leidel Yvonne<\/li>\n\n\n\n<li>2. Schriftf\u00fchrerin: Uslar Manuela<\/li>\n\n\n\n<li>1. Sportleiter: Ziegler Rene<\/li>\n\n\n\n<li>2. Sportleiter: Dollinger Maximilian<\/li>\n\n\n\n<li>1. Jugendleiterin: Sch\u00f6nle-Leidel Yvonne<\/li>\n\n\n\n<li>1. Jugendsportleiterin: Ziegler Yvonne<\/li>\n\n\n\n<li>1. Kassenpr\u00fcfer: Ingold Marco<\/li>\n\n\n\n<li>2. Kassenpr\u00fcfer: Mund Tobias<\/li>\n\n\n\n<li>1. Beisitzer: Haser Anton<\/li>\n\n\n\n<li>2. Beisitzer: Artner Dominik<\/li>\n\n\n\n<li>1. Geb\u00e4udewart: Ziegler Rene<\/li>\n\n\n\n<li>1. Waffenwart Feuerwaffen: Ingold Marco<\/li>\n\n\n\n<li>2. Waffenwart Luftdruck: Mund Tobias<\/li>\n\n\n\n<li>1. Referent EDV\/IT: Pendelin Gabriel<\/li>\n<\/ul>\n\n\n\n<p>Die letzte Wahl fand am 15. M\u00e4rz 2026 statt.<\/p>\n","protected":false},"excerpt":{"rendered":"<p>Neben den vielen Mitgliedern unseres Vereins sind nat\u00fcrlich auch die Menschen im Hintergrund wichtig, die die Geschicke der FSG K\u00f6sching lenken. Gerne stellt sich hier der Vorstand &amp; Ausschuss vor: Die letzte Wahl fand am 15. M\u00e4rz 2026 statt.<\/p>\n","protected":false},"author":1,"featured_media":0,"parent":0,"menu_order":0,"comment_status":"closed","ping_status":"closed","template":"","meta":{"footnotes":""},"class_list":["post-3203","page","type-page","status-publish","hentry","post","without-featured-image"],"yoast_head":"<!-- This site is optimized with the Yoast SEO plugin v27.4 - https:\/\/yoast.com\/product\/yoast-seo-wordpress\/ -->\n<title>Vorstand &amp; Ausschuss &#187; Kgl. priv. FSG K\u00f6sching<\/title>\n<meta name=\"robots\" content=\"index, follow, max-snippet:-1, max-image-preview:large, max-video-preview:-1\" \/>\n<link rel=\"canonical\" href=\"https:\/\/fsg-koesching.de\/?page_id=3203\" \/>\n<meta property=\"og:locale\" content=\"de_DE\" \/>\n<meta property=\"og:type\" content=\"article\" \/>\n<meta property=\"og:title\" content=\"Vorstand &amp; Ausschuss &#187; Kgl. priv. FSG K\u00f6sching\" \/>\n<meta property=\"og:description\" content=\"Neben den vielen Mitgliedern unseres Vereins sind nat\u00fcrlich auch die Menschen im Hintergrund wichtig, die die Geschicke der FSG K\u00f6sching lenken. Gerne stellt sich hier der Vorstand &amp; Ausschuss vor: Die letzte Wahl fand am 15. M\u00e4rz 2026 statt.\" \/>\n<meta property=\"og:url\" content=\"https:\/\/fsg-koesching.de\/?page_id=3203\" \/>\n<meta property=\"og:site_name\" content=\"Kgl. priv. FSG K\u00f6sching\" \/>\n<meta property=\"article:modified_time\" content=\"2026-03-16T20:05:56+00:00\" \/>\n<meta name=\"twitter:card\" content=\"summary_large_image\" \/>\n<meta name=\"twitter:label1\" content=\"Gesch\u00e4tzte Lesezeit\" \/>\n\t<meta name=\"twitter:data1\" content=\"1\u00a0Minute\" \/>\n<script type=\"application\/ld+json\" class=\"yoast-schema-graph\">{\"@context\":\"https:\\\/\\\/schema.org\",\"@graph\":[{\"@type\":\"WebPage\",\"@id\":\"https:\\\/\\\/fsg-koesching.de\\\/?page_id=3203\",\"url\":\"https:\\\/\\\/fsg-koesching.de\\\/?page_id=3203\",\"name\":\"Vorstand &amp; Ausschuss &#187; Kgl. priv. FSG K\u00f6sching\",\"isPartOf\":{\"@id\":\"https:\\\/\\\/fsg-koesching.de\\\/#website\"},\"datePublished\":\"2024-10-09T18:00:22+00:00\",\"dateModified\":\"2026-03-16T20:05:56+00:00\",\"breadcrumb\":{\"@id\":\"https:\\\/\\\/fsg-koesching.de\\\/?page_id=3203#breadcrumb\"},\"inLanguage\":\"de\",\"potentialAction\":[{\"@type\":\"ReadAction\",\"target\":[\"https:\\\/\\\/fsg-koesching.de\\\/?page_id=3203\"]}]},{\"@type\":\"BreadcrumbList\",\"@id\":\"https:\\\/\\\/fsg-koesching.de\\\/?page_id=3203#breadcrumb\",\"itemListElement\":[{\"@type\":\"ListItem\",\"position\":1,\"name\":\"Home\",\"item\":\"https:\\\/\\\/fsg-koesching.de\\\/\"},{\"@type\":\"ListItem\",\"position\":2,\"name\":\"Vorstand &amp; Ausschuss\"}]},{\"@type\":\"WebSite\",\"@id\":\"https:\\\/\\\/fsg-koesching.de\\\/#website\",\"url\":\"https:\\\/\\\/fsg-koesching.de\\\/\",\"name\":\"Kgl. priv. FSG K\u00f6sching\",\"description\":\"gegr\u00fcndet 1553\",\"publisher\":{\"@id\":\"https:\\\/\\\/fsg-koesching.de\\\/#organization\"},\"potentialAction\":[{\"@type\":\"SearchAction\",\"target\":{\"@type\":\"EntryPoint\",\"urlTemplate\":\"https:\\\/\\\/fsg-koesching.de\\\/?s={search_term_string}\"},\"query-input\":{\"@type\":\"PropertyValueSpecification\",\"valueRequired\":true,\"valueName\":\"search_term_string\"}}],\"inLanguage\":\"de\"},{\"@type\":\"Organization\",\"@id\":\"https:\\\/\\\/fsg-koesching.de\\\/#organization\",\"name\":\"Kgl. priv. FSG K\u00f6sching\",\"url\":\"https:\\\/\\\/fsg-koesching.de\\\/\",\"logo\":{\"@type\":\"ImageObject\",\"inLanguage\":\"de\",\"@id\":\"https:\\\/\\\/fsg-koesching.de\\\/#\\\/schema\\\/logo\\\/image\\\/\",\"url\":\"https:\\\/\\\/fsg-koesching.de\\\/wp-content\\\/uploads\\\/2018\\\/09\\\/FSG-LG-Logo-neu-aussen-trans.gif\",\"contentUrl\":\"https:\\\/\\\/fsg-koesching.de\\\/wp-content\\\/uploads\\\/2018\\\/09\\\/FSG-LG-Logo-neu-aussen-trans.gif\",\"width\":830,\"height\":865,\"caption\":\"Kgl. priv. FSG K\u00f6sching\"},\"image\":{\"@id\":\"https:\\\/\\\/fsg-koesching.de\\\/#\\\/schema\\\/logo\\\/image\\\/\"}}]}<\/script>\n<!-- \/ Yoast SEO plugin. -->","yoast_head_json":{"title":"Vorstand &amp; Ausschuss &#187; Kgl. priv. FSG K\u00f6sching","robots":{"index":"index","follow":"follow","max-snippet":"max-snippet:-1","max-image-preview":"max-image-preview:large","max-video-preview":"max-video-preview:-1"},"canonical":"https:\/\/fsg-koesching.de\/?page_id=3203","og_locale":"de_DE","og_type":"article","og_title":"Vorstand &amp; Ausschuss &#187; Kgl. priv. FSG K\u00f6sching","og_description":"Neben den vielen Mitgliedern unseres Vereins sind nat\u00fcrlich auch die Menschen im Hintergrund wichtig, die die Geschicke der FSG K\u00f6sching lenken. Gerne stellt sich hier der Vorstand &amp; Ausschuss vor: Die letzte Wahl fand am 15. M\u00e4rz 2026 statt.","og_url":"https:\/\/fsg-koesching.de\/?page_id=3203","og_site_name":"Kgl. priv. FSG K\u00f6sching","article_modified_time":"2026-03-16T20:05:56+00:00","twitter_card":"summary_large_image","twitter_misc":{"Gesch\u00e4tzte Lesezeit":"1\u00a0Minute"},"schema":{"@context":"https:\/\/schema.org","@graph":[{"@type":"WebPage","@id":"https:\/\/fsg-koesching.de\/?page_id=3203","url":"https:\/\/fsg-koesching.de\/?page_id=3203","name":"Vorstand &amp; Ausschuss &#187; Kgl. priv. FSG K\u00f6sching","isPartOf":{"@id":"https:\/\/fsg-koesching.de\/#website"},"datePublished":"2024-10-09T18:00:22+00:00","dateModified":"2026-03-16T20:05:56+00:00","breadcrumb":{"@id":"https:\/\/fsg-koesching.de\/?page_id=3203#breadcrumb"},"inLanguage":"de","potentialAction":[{"@type":"ReadAction","target":["https:\/\/fsg-koesching.de\/?page_id=3203"]}]},{"@type":"BreadcrumbList","@id":"https:\/\/fsg-koesching.de\/?page_id=3203#breadcrumb","itemListElement":[{"@type":"ListItem","position":1,"name":"Home","item":"https:\/\/fsg-koesching.de\/"},{"@type":"ListItem","position":2,"name":"Vorstand &amp; Ausschuss"}]},{"@type":"WebSite","@id":"https:\/\/fsg-koesching.de\/#website","url":"https:\/\/fsg-koesching.de\/","name":"Kgl. priv. FSG K\u00f6sching","description":"gegr\u00fcndet 1553","publisher":{"@id":"https:\/\/fsg-koesching.de\/#organization"},"potentialAction":[{"@type":"SearchAction","target":{"@type":"EntryPoint","urlTemplate":"https:\/\/fsg-koesching.de\/?s={search_term_string}"},"query-input":{"@type":"PropertyValueSpecification","valueRequired":true,"valueName":"search_term_string"}}],"inLanguage":"de"},{"@type":"Organization","@id":"https:\/\/fsg-koesching.de\/#organization","name":"Kgl. priv. FSG K\u00f6sching","url":"https:\/\/fsg-koesching.de\/","logo":{"@type":"ImageObject","inLanguage":"de","@id":"https:\/\/fsg-koesching.de\/#\/schema\/logo\/image\/","url":"https:\/\/fsg-koesching.de\/wp-content\/uploads\/2018\/09\/FSG-LG-Logo-neu-aussen-trans.gif","contentUrl":"https:\/\/fsg-koesching.de\/wp-content\/uploads\/2018\/09\/FSG-LG-Logo-neu-aussen-trans.gif","width":830,"height":865,"caption":"Kgl. priv. FSG K\u00f6sching"},"image":{"@id":"https:\/\/fsg-koesching.de\/#\/schema\/logo\/image\/"}}]}},"_links":{"self":[{"href":"https:\/\/fsg-koesching.de\/index.php?rest_route=\/wp\/v2\/pages\/3203","targetHints":{"allow":["GET"]}}],"collection":[{"href":"https:\/\/fsg-koesching.de\/index.php?rest_route=\/wp\/v2\/pages"}],"about":[{"href":"https:\/\/fsg-koesching.de\/index.php?rest_route=\/wp\/v2\/types\/page"}],"author":[{"embeddable":true,"href":"https:\/\/fsg-koesching.de\/index.php?rest_route=\/wp\/v2\/users\/1"}],"replies":[{"embeddable":true,"href":"https:\/\/fsg-koesching.de\/index.php?rest_route=%2Fwp%2Fv2%2Fcomments&post=3203"}],"version-history":[{"count":5,"href":"https:\/\/fsg-koesching.de\/index.php?rest_route=\/wp\/v2\/pages\/3203\/revisions"}],"predecessor-version":[{"id":3496,"href":"https:\/\/fsg-koesching.de\/index.php?rest_route=\/wp\/v2\/pages\/3203\/revisions\/3496"}],"wp:attachment":[{"href":"https:\/\/fsg-koesching.de\/index.php?rest_route=%2Fwp%2Fv2%2Fmedia&parent=3203"}],"curies":[{"name":"wp","href":"https:\/\/api.w.org\/{rel}","templated":true}]}}