{"id":3207,"date":"2024-10-09T19:33:37","date_gmt":"2024-10-09T18:33:37","guid":{"rendered":"https:\/\/fsg-koesching.de\/?page_id=3207"},"modified":"2024-10-09T19:33:39","modified_gmt":"2024-10-09T18:33:39","slug":"feiern-feste","status":"publish","type":"page","link":"https:\/\/fsg-koesching.de\/?page_id=3207","title":{"rendered":"Feiern &amp; Feste"},"content":{"rendered":"\n<p>Unser Sch\u00fctzenheim ist nicht nur Ort f\u00fcr ein geselliges Beisammensein z. B. nach dem Training, sondern bietet sowohl unseren Mitgliedern als auch externen G\u00e4sten die M\u00f6glichkeit, Feiern &amp; Feste wie z. B. Geburtstags-, Jubil\u00e4ums- oder Weihnachtsfeiern abzuhalten.<\/p>\n\n\n\n<p>Unser Gastraum verf\u00fcgt \u00fcber ca. 70 Sitzpl\u00e4tze<em> (erweiterbar durch den Nebenraum auf ca. 120)<\/em> und bietet selbst Platz f\u00fcr eine Tanzfl\u00e4che. Besondere Ausstattung, wie z. B. Musikanlage, Beamer, Nebelmaschine und Weiteres, ist auf Anfrage verf\u00fcgbar.<\/p>\n\n\n\n<p>Gerne informieren wir Sie individuell \u00fcber die M\u00f6glichkeiten f\u00fcr Ihre Feier im Sch\u00fctzenheim der FSG K\u00f6sching. Nehmen Sie daf\u00fcr Kontakt per E-Mail mit uns auf: <a href=\"mailto:veranstaltung@fsg-koesching.de\">veranstaltung@fsg-koesching.de<\/a><\/p>\n\n\n\n<figure class=\"wp-block-gallery has-nested-images columns-default is-cropped wp-block-gallery-1 is-layout-flex wp-block-gallery-is-layout-flex\">\n<figure class=\"wp-block-image size-large\"><img loading=\"lazy\" decoding=\"async\" width=\"1024\" height=\"768\" data-id=\"3209\" src=\"https:\/\/fsg-koesching.de\/wp-content\/uploads\/2024\/10\/IMG_8280-1024x768.jpg\" alt=\"\" class=\"wp-image-3209\" srcset=\"https:\/\/fsg-koesching.de\/wp-content\/uploads\/2024\/10\/IMG_8280-1024x768.jpg 1024w, https:\/\/fsg-koesching.de\/wp-content\/uploads\/2024\/10\/IMG_8280-300x225.jpg 300w, https:\/\/fsg-koesching.de\/wp-content\/uploads\/2024\/10\/IMG_8280-768x576.jpg 768w, https:\/\/fsg-koesching.de\/wp-content\/uploads\/2024\/10\/IMG_8280-1536x1152.jpg 1536w, https:\/\/fsg-koesching.de\/wp-content\/uploads\/2024\/10\/IMG_8280-1200x900.jpg 1200w, https:\/\/fsg-koesching.de\/wp-content\/uploads\/2024\/10\/IMG_8280-1400x1050.jpg 1400w, https:\/\/fsg-koesching.de\/wp-content\/uploads\/2024\/10\/IMG_8280.jpg 2016w\" sizes=\"auto, (max-width: 1024px) 100vw, 1024px\" \/><\/figure>\n\n\n\n<figure class=\"wp-block-image size-large\"><img loading=\"lazy\" decoding=\"async\" width=\"1024\" height=\"768\" data-id=\"3210\" src=\"https:\/\/fsg-koesching.de\/wp-content\/uploads\/2024\/10\/IMG_8279-1024x768.jpg\" alt=\"\" class=\"wp-image-3210\" srcset=\"https:\/\/fsg-koesching.de\/wp-content\/uploads\/2024\/10\/IMG_8279-1024x768.jpg 1024w, https:\/\/fsg-koesching.de\/wp-content\/uploads\/2024\/10\/IMG_8279-300x225.jpg 300w, https:\/\/fsg-koesching.de\/wp-content\/uploads\/2024\/10\/IMG_8279-768x576.jpg 768w, https:\/\/fsg-koesching.de\/wp-content\/uploads\/2024\/10\/IMG_8279-1536x1152.jpg 1536w, https:\/\/fsg-koesching.de\/wp-content\/uploads\/2024\/10\/IMG_8279-1200x900.jpg 1200w, https:\/\/fsg-koesching.de\/wp-content\/uploads\/2024\/10\/IMG_8279-1400x1050.jpg 1400w, https:\/\/fsg-koesching.de\/wp-content\/uploads\/2024\/10\/IMG_8279.jpg 2016w\" sizes=\"auto, (max-width: 1024px) 100vw, 1024px\" \/><\/figure>\n<\/figure>\n","protected":false},"excerpt":{"rendered":"<p>Unser Sch\u00fctzenheim ist nicht nur Ort f\u00fcr ein geselliges Beisammensein z. B. nach dem Training, sondern bietet sowohl unseren Mitgliedern als auch externen G\u00e4sten die M\u00f6glichkeit, Feiern &amp; Feste wie z. B. Geburtstags-, Jubil\u00e4ums- oder Weihnachtsfeiern abzuhalten. Unser Gastraum verf\u00fcgt \u00fcber ca. 70 Sitzpl\u00e4tze (erweiterbar durch den Nebenraum auf ca. 120) und bietet selbst Platz &hellip;<\/p>\n","protected":false},"author":1,"featured_media":0,"parent":0,"menu_order":0,"comment_status":"closed","ping_status":"closed","template":"","meta":{"footnotes":""},"class_list":["post-3207","page","type-page","status-publish","hentry","post","without-featured-image"],"yoast_head":"<!-- This site is optimized with the Yoast SEO plugin v27.4 - https:\/\/yoast.com\/product\/yoast-seo-wordpress\/ -->\n<title>Feiern &amp; Feste &#187; Kgl. priv. FSG K\u00f6sching<\/title>\n<meta name=\"robots\" content=\"index, follow, max-snippet:-1, max-image-preview:large, max-video-preview:-1\" \/>\n<link rel=\"canonical\" href=\"https:\/\/fsg-koesching.de\/?page_id=3207\" \/>\n<meta property=\"og:locale\" content=\"de_DE\" \/>\n<meta property=\"og:type\" content=\"article\" \/>\n<meta property=\"og:title\" content=\"Feiern &amp; Feste &#187; Kgl. priv. FSG K\u00f6sching\" \/>\n<meta property=\"og:description\" content=\"Unser Sch\u00fctzenheim ist nicht nur Ort f\u00fcr ein geselliges Beisammensein z. B. nach dem Training, sondern bietet sowohl unseren Mitgliedern als auch externen G\u00e4sten die M\u00f6glichkeit, Feiern &amp; Feste wie z. B. Geburtstags-, Jubil\u00e4ums- oder Weihnachtsfeiern abzuhalten. Unser Gastraum verf\u00fcgt \u00fcber ca. 70 Sitzpl\u00e4tze (erweiterbar durch den Nebenraum auf ca. 120) und bietet selbst Platz &hellip;\" \/>\n<meta property=\"og:url\" content=\"https:\/\/fsg-koesching.de\/?page_id=3207\" \/>\n<meta property=\"og:site_name\" content=\"Kgl. priv. FSG K\u00f6sching\" \/>\n<meta property=\"article:modified_time\" content=\"2024-10-09T18:33:39+00:00\" \/>\n<meta property=\"og:image\" content=\"https:\/\/fsg-koesching.de\/wp-content\/uploads\/2024\/10\/IMG_8280-1024x768.jpg\" \/>\n<meta name=\"twitter:card\" content=\"summary_large_image\" \/>\n<meta name=\"twitter:label1\" content=\"Gesch\u00e4tzte Lesezeit\" \/>\n\t<meta name=\"twitter:data1\" content=\"1\u00a0Minute\" \/>\n<script type=\"application\/ld+json\" class=\"yoast-schema-graph\">{\"@context\":\"https:\\\/\\\/schema.org\",\"@graph\":[{\"@type\":\"WebPage\",\"@id\":\"https:\\\/\\\/fsg-koesching.de\\\/?page_id=3207\",\"url\":\"https:\\\/\\\/fsg-koesching.de\\\/?page_id=3207\",\"name\":\"Feiern &amp; Feste &#187; Kgl. priv. FSG K\u00f6sching\",\"isPartOf\":{\"@id\":\"https:\\\/\\\/fsg-koesching.de\\\/#website\"},\"primaryImageOfPage\":{\"@id\":\"https:\\\/\\\/fsg-koesching.de\\\/?page_id=3207#primaryimage\"},\"image\":{\"@id\":\"https:\\\/\\\/fsg-koesching.de\\\/?page_id=3207#primaryimage\"},\"thumbnailUrl\":\"https:\\\/\\\/fsg-koesching.de\\\/wp-content\\\/uploads\\\/2024\\\/10\\\/IMG_8280-1024x768.jpg\",\"datePublished\":\"2024-10-09T18:33:37+00:00\",\"dateModified\":\"2024-10-09T18:33:39+00:00\",\"breadcrumb\":{\"@id\":\"https:\\\/\\\/fsg-koesching.de\\\/?page_id=3207#breadcrumb\"},\"inLanguage\":\"de\",\"potentialAction\":[{\"@type\":\"ReadAction\",\"target\":[\"https:\\\/\\\/fsg-koesching.de\\\/?page_id=3207\"]}]},{\"@type\":\"ImageObject\",\"inLanguage\":\"de\",\"@id\":\"https:\\\/\\\/fsg-koesching.de\\\/?page_id=3207#primaryimage\",\"url\":\"https:\\\/\\\/fsg-koesching.de\\\/wp-content\\\/uploads\\\/2024\\\/10\\\/IMG_8280.jpg\",\"contentUrl\":\"https:\\\/\\\/fsg-koesching.de\\\/wp-content\\\/uploads\\\/2024\\\/10\\\/IMG_8280.jpg\",\"width\":2016,\"height\":1512},{\"@type\":\"BreadcrumbList\",\"@id\":\"https:\\\/\\\/fsg-koesching.de\\\/?page_id=3207#breadcrumb\",\"itemListElement\":[{\"@type\":\"ListItem\",\"position\":1,\"name\":\"Home\",\"item\":\"https:\\\/\\\/fsg-koesching.de\\\/\"},{\"@type\":\"ListItem\",\"position\":2,\"name\":\"Feiern &amp; Feste\"}]},{\"@type\":\"WebSite\",\"@id\":\"https:\\\/\\\/fsg-koesching.de\\\/#website\",\"url\":\"https:\\\/\\\/fsg-koesching.de\\\/\",\"name\":\"Kgl. priv. FSG K\u00f6sching\",\"description\":\"gegr\u00fcndet 1553\",\"publisher\":{\"@id\":\"https:\\\/\\\/fsg-koesching.de\\\/#organization\"},\"potentialAction\":[{\"@type\":\"SearchAction\",\"target\":{\"@type\":\"EntryPoint\",\"urlTemplate\":\"https:\\\/\\\/fsg-koesching.de\\\/?s={search_term_string}\"},\"query-input\":{\"@type\":\"PropertyValueSpecification\",\"valueRequired\":true,\"valueName\":\"search_term_string\"}}],\"inLanguage\":\"de\"},{\"@type\":\"Organization\",\"@id\":\"https:\\\/\\\/fsg-koesching.de\\\/#organization\",\"name\":\"Kgl. priv. FSG K\u00f6sching\",\"url\":\"https:\\\/\\\/fsg-koesching.de\\\/\",\"logo\":{\"@type\":\"ImageObject\",\"inLanguage\":\"de\",\"@id\":\"https:\\\/\\\/fsg-koesching.de\\\/#\\\/schema\\\/logo\\\/image\\\/\",\"url\":\"https:\\\/\\\/fsg-koesching.de\\\/wp-content\\\/uploads\\\/2018\\\/09\\\/FSG-LG-Logo-neu-aussen-trans.gif\",\"contentUrl\":\"https:\\\/\\\/fsg-koesching.de\\\/wp-content\\\/uploads\\\/2018\\\/09\\\/FSG-LG-Logo-neu-aussen-trans.gif\",\"width\":830,\"height\":865,\"caption\":\"Kgl. priv. FSG K\u00f6sching\"},\"image\":{\"@id\":\"https:\\\/\\\/fsg-koesching.de\\\/#\\\/schema\\\/logo\\\/image\\\/\"}}]}<\/script>\n<!-- \/ Yoast SEO plugin. -->","yoast_head_json":{"title":"Feiern &amp; Feste &#187; Kgl. priv. FSG K\u00f6sching","robots":{"index":"index","follow":"follow","max-snippet":"max-snippet:-1","max-image-preview":"max-image-preview:large","max-video-preview":"max-video-preview:-1"},"canonical":"https:\/\/fsg-koesching.de\/?page_id=3207","og_locale":"de_DE","og_type":"article","og_title":"Feiern &amp; Feste &#187; Kgl. priv. FSG K\u00f6sching","og_description":"Unser Sch\u00fctzenheim ist nicht nur Ort f\u00fcr ein geselliges Beisammensein z. B. nach dem Training, sondern bietet sowohl unseren Mitgliedern als auch externen G\u00e4sten die M\u00f6glichkeit, Feiern &amp; Feste wie z. B. Geburtstags-, Jubil\u00e4ums- oder Weihnachtsfeiern abzuhalten. Unser Gastraum verf\u00fcgt \u00fcber ca. 70 Sitzpl\u00e4tze (erweiterbar durch den Nebenraum auf ca. 120) und bietet selbst Platz &hellip;","og_url":"https:\/\/fsg-koesching.de\/?page_id=3207","og_site_name":"Kgl. priv. FSG K\u00f6sching","article_modified_time":"2024-10-09T18:33:39+00:00","og_image":[{"url":"https:\/\/fsg-koesching.de\/wp-content\/uploads\/2024\/10\/IMG_8280-1024x768.jpg","type":"","width":"","height":""}],"twitter_card":"summary_large_image","twitter_misc":{"Gesch\u00e4tzte Lesezeit":"1\u00a0Minute"},"schema":{"@context":"https:\/\/schema.org","@graph":[{"@type":"WebPage","@id":"https:\/\/fsg-koesching.de\/?page_id=3207","url":"https:\/\/fsg-koesching.de\/?page_id=3207","name":"Feiern &amp; Feste &#187; Kgl. priv. FSG K\u00f6sching","isPartOf":{"@id":"https:\/\/fsg-koesching.de\/#website"},"primaryImageOfPage":{"@id":"https:\/\/fsg-koesching.de\/?page_id=3207#primaryimage"},"image":{"@id":"https:\/\/fsg-koesching.de\/?page_id=3207#primaryimage"},"thumbnailUrl":"https:\/\/fsg-koesching.de\/wp-content\/uploads\/2024\/10\/IMG_8280-1024x768.jpg","datePublished":"2024-10-09T18:33:37+00:00","dateModified":"2024-10-09T18:33:39+00:00","breadcrumb":{"@id":"https:\/\/fsg-koesching.de\/?page_id=3207#breadcrumb"},"inLanguage":"de","potentialAction":[{"@type":"ReadAction","target":["https:\/\/fsg-koesching.de\/?page_id=3207"]}]},{"@type":"ImageObject","inLanguage":"de","@id":"https:\/\/fsg-koesching.de\/?page_id=3207#primaryimage","url":"https:\/\/fsg-koesching.de\/wp-content\/uploads\/2024\/10\/IMG_8280.jpg","contentUrl":"https:\/\/fsg-koesching.de\/wp-content\/uploads\/2024\/10\/IMG_8280.jpg","width":2016,"height":1512},{"@type":"BreadcrumbList","@id":"https:\/\/fsg-koesching.de\/?page_id=3207#breadcrumb","itemListElement":[{"@type":"ListItem","position":1,"name":"Home","item":"https:\/\/fsg-koesching.de\/"},{"@type":"ListItem","position":2,"name":"Feiern &amp; Feste"}]},{"@type":"WebSite","@id":"https:\/\/fsg-koesching.de\/#website","url":"https:\/\/fsg-koesching.de\/","name":"Kgl. priv. FSG K\u00f6sching","description":"gegr\u00fcndet 1553","publisher":{"@id":"https:\/\/fsg-koesching.de\/#organization"},"potentialAction":[{"@type":"SearchAction","target":{"@type":"EntryPoint","urlTemplate":"https:\/\/fsg-koesching.de\/?s={search_term_string}"},"query-input":{"@type":"PropertyValueSpecification","valueRequired":true,"valueName":"search_term_string"}}],"inLanguage":"de"},{"@type":"Organization","@id":"https:\/\/fsg-koesching.de\/#organization","name":"Kgl. priv. FSG K\u00f6sching","url":"https:\/\/fsg-koesching.de\/","logo":{"@type":"ImageObject","inLanguage":"de","@id":"https:\/\/fsg-koesching.de\/#\/schema\/logo\/image\/","url":"https:\/\/fsg-koesching.de\/wp-content\/uploads\/2018\/09\/FSG-LG-Logo-neu-aussen-trans.gif","contentUrl":"https:\/\/fsg-koesching.de\/wp-content\/uploads\/2018\/09\/FSG-LG-Logo-neu-aussen-trans.gif","width":830,"height":865,"caption":"Kgl. priv. FSG K\u00f6sching"},"image":{"@id":"https:\/\/fsg-koesching.de\/#\/schema\/logo\/image\/"}}]}},"_links":{"self":[{"href":"https:\/\/fsg-koesching.de\/index.php?rest_route=\/wp\/v2\/pages\/3207","targetHints":{"allow":["GET"]}}],"collection":[{"href":"https:\/\/fsg-koesching.de\/index.php?rest_route=\/wp\/v2\/pages"}],"about":[{"href":"https:\/\/fsg-koesching.de\/index.php?rest_route=\/wp\/v2\/types\/page"}],"author":[{"embeddable":true,"href":"https:\/\/fsg-koesching.de\/index.php?rest_route=\/wp\/v2\/users\/1"}],"replies":[{"embeddable":true,"href":"https:\/\/fsg-koesching.de\/index.php?rest_route=%2Fwp%2Fv2%2Fcomments&post=3207"}],"version-history":[{"count":1,"href":"https:\/\/fsg-koesching.de\/index.php?rest_route=\/wp\/v2\/pages\/3207\/revisions"}],"predecessor-version":[{"id":3211,"href":"https:\/\/fsg-koesching.de\/index.php?rest_route=\/wp\/v2\/pages\/3207\/revisions\/3211"}],"wp:attachment":[{"href":"https:\/\/fsg-koesching.de\/index.php?rest_route=%2Fwp%2Fv2%2Fmedia&parent=3207"}],"curies":[{"name":"wp","href":"https:\/\/api.w.org\/{rel}","templated":true}]}}