{"id":3265,"date":"2025-04-03T21:01:24","date_gmt":"2025-04-03T20:01:24","guid":{"rendered":"https:\/\/fsg-koesching.de\/?page_id=3265"},"modified":"2025-04-12T02:04:24","modified_gmt":"2025-04-12T01:04:24","slug":"schiesstermine","status":"publish","type":"page","link":"https:\/\/fsg-koesching.de\/?page_id=3265","title":{"rendered":"Schie\u00dftermine &amp; Einteilung"},"content":{"rendered":"\n<figure class=\"wp-block-table\"><table class=\"has-fixed-layout\"><tbody><tr><td><strong>Wochentag<\/strong><\/td><td><strong>Datum<\/strong><\/td><td><strong>Uhrzeit<\/strong><\/td><\/tr><tr><td>Freitag<\/td><td>04.04., 11.04., 25.04.<\/td><td>19:00 &#8211; 22:00 Uhr<\/td><\/tr><tr><td>Samstag<\/td><td>05.04., 12.04., 26.04.<\/td><td>18:00 &#8211; 22:00 Uhr<\/td><\/tr><tr><td>Dienstag<\/td><td>08.04., 15.04., 22.04., 29.04.<\/td><td>19:00 &#8211; 22:00 Uhr<\/td><\/tr><tr><td>Feiertage<strong> (kein Schie\u00dfbetrieb)<\/strong><\/td><td>Karfreitag 18.04 &amp; Karsamstag 19.04<\/td><td>&#8211;<\/td><\/tr><\/tbody><\/table><\/figure>\n\n\n\n<p>Unten finden Sie die aktuelle Einteilung. So k\u00f6nnen Sie Ihre Teilnahme optimal planen.<\/p>\n\n\n\n<p>Stand: 12.04.2025, f\u00fcr R\u00fcckfragen bitte bei marktschiessen@fsg-koesching.de melden.<\/p>\n\n\n\n<div data-wp-interactive=\"core\/file\" class=\"wp-block-file\"><object data-wp-bind--hidden=\"!state.hasPdfPreview\" hidden class=\"wp-block-file__embed\" data=\"https:\/\/fsg-koesching.de\/wp-content\/uploads\/2025\/04\/MM2025-Vereinseinteilung-4.pdf\" type=\"application\/pdf\" style=\"width:100%;height:600px\" aria-label=\"Einbettung von MM2025 Vereinseinteilung.\"><\/object><a id=\"wp-block-file--media-c029ac52-fc2a-437f-ba49-2aad737051df\" href=\"https:\/\/fsg-koesching.de\/wp-content\/uploads\/2025\/04\/MM2025-Vereinseinteilung-4.pdf\">MM2025 Vereinseinteilung<\/a><a href=\"https:\/\/fsg-koesching.de\/wp-content\/uploads\/2025\/04\/MM2025-Vereinseinteilung-4.pdf\" class=\"wp-block-file__button wp-element-button\" download aria-describedby=\"wp-block-file--media-c029ac52-fc2a-437f-ba49-2aad737051df\">Herunterladen<\/a><\/div>\n","protected":false},"excerpt":{"rendered":"<p>Wochentag Datum Uhrzeit Freitag 04.04., 11.04., 25.04. 19:00 &#8211; 22:00 Uhr Samstag 05.04., 12.04., 26.04. 18:00 &#8211; 22:00 Uhr Dienstag 08.04., 15.04., 22.04., 29.04. 19:00 &#8211; 22:00 Uhr Feiertage (kein Schie\u00dfbetrieb) Karfreitag 18.04 &amp; Karsamstag 19.04 &#8211; Unten finden Sie die aktuelle Einteilung. So k\u00f6nnen Sie Ihre Teilnahme optimal planen. Stand: 12.04.2025, f\u00fcr R\u00fcckfragen bitte &hellip;<\/p>\n","protected":false},"author":1,"featured_media":0,"parent":0,"menu_order":0,"comment_status":"closed","ping_status":"closed","template":"","meta":{"footnotes":""},"class_list":["post-3265","page","type-page","status-publish","hentry","post","without-featured-image"],"yoast_head":"<!-- This site is optimized with the Yoast SEO plugin v27.0 - https:\/\/yoast.com\/product\/yoast-seo-wordpress\/ -->\n<title>Schie\u00dftermine &amp; Einteilung &#187; Kgl. priv. FSG K\u00f6sching<\/title>\n<meta name=\"robots\" content=\"index, follow, max-snippet:-1, max-image-preview:large, max-video-preview:-1\" \/>\n<link rel=\"canonical\" href=\"https:\/\/fsg-koesching.de\/?page_id=3265\" \/>\n<meta property=\"og:locale\" content=\"de_DE\" \/>\n<meta property=\"og:type\" content=\"article\" \/>\n<meta property=\"og:title\" content=\"Schie\u00dftermine &amp; Einteilung &#187; Kgl. priv. FSG K\u00f6sching\" \/>\n<meta property=\"og:description\" content=\"Wochentag Datum Uhrzeit Freitag 04.04., 11.04., 25.04. 19:00 &#8211; 22:00 Uhr Samstag 05.04., 12.04., 26.04. 18:00 &#8211; 22:00 Uhr Dienstag 08.04., 15.04., 22.04., 29.04. 19:00 &#8211; 22:00 Uhr Feiertage (kein Schie\u00dfbetrieb) Karfreitag 18.04 &amp; Karsamstag 19.04 &#8211; Unten finden Sie die aktuelle Einteilung. So k\u00f6nnen Sie Ihre Teilnahme optimal planen. Stand: 12.04.2025, f\u00fcr R\u00fcckfragen bitte &hellip;\" \/>\n<meta property=\"og:url\" content=\"https:\/\/fsg-koesching.de\/?page_id=3265\" \/>\n<meta property=\"og:site_name\" content=\"Kgl. priv. FSG K\u00f6sching\" \/>\n<meta property=\"article:modified_time\" content=\"2025-04-12T01:04:24+00:00\" \/>\n<meta name=\"twitter:card\" content=\"summary_large_image\" \/>\n<meta name=\"twitter:label1\" content=\"Gesch\u00e4tzte Lesezeit\" \/>\n\t<meta name=\"twitter:data1\" content=\"1\u00a0Minute\" \/>\n<script type=\"application\/ld+json\" class=\"yoast-schema-graph\">{\"@context\":\"https:\/\/schema.org\",\"@graph\":[{\"@type\":\"WebPage\",\"@id\":\"https:\/\/fsg-koesching.de\/?page_id=3265\",\"url\":\"https:\/\/fsg-koesching.de\/?page_id=3265\",\"name\":\"Schie\u00dftermine &amp; Einteilung &#187; Kgl. priv. FSG K\u00f6sching\",\"isPartOf\":{\"@id\":\"https:\/\/fsg-koesching.de\/#website\"},\"datePublished\":\"2025-04-03T20:01:24+00:00\",\"dateModified\":\"2025-04-12T01:04:24+00:00\",\"breadcrumb\":{\"@id\":\"https:\/\/fsg-koesching.de\/?page_id=3265#breadcrumb\"},\"inLanguage\":\"de\",\"potentialAction\":[{\"@type\":\"ReadAction\",\"target\":[\"https:\/\/fsg-koesching.de\/?page_id=3265\"]}]},{\"@type\":\"BreadcrumbList\",\"@id\":\"https:\/\/fsg-koesching.de\/?page_id=3265#breadcrumb\",\"itemListElement\":[{\"@type\":\"ListItem\",\"position\":1,\"name\":\"Home\",\"item\":\"https:\/\/fsg-koesching.de\/\"},{\"@type\":\"ListItem\",\"position\":2,\"name\":\"Schie\u00dftermine &amp; Einteilung\"}]},{\"@type\":\"WebSite\",\"@id\":\"https:\/\/fsg-koesching.de\/#website\",\"url\":\"https:\/\/fsg-koesching.de\/\",\"name\":\"Kgl. priv. FSG K\u00f6sching\",\"description\":\"gegr\u00fcndet 1553\",\"publisher\":{\"@id\":\"https:\/\/fsg-koesching.de\/#organization\"},\"potentialAction\":[{\"@type\":\"SearchAction\",\"target\":{\"@type\":\"EntryPoint\",\"urlTemplate\":\"https:\/\/fsg-koesching.de\/?s={search_term_string}\"},\"query-input\":{\"@type\":\"PropertyValueSpecification\",\"valueRequired\":true,\"valueName\":\"search_term_string\"}}],\"inLanguage\":\"de\"},{\"@type\":\"Organization\",\"@id\":\"https:\/\/fsg-koesching.de\/#organization\",\"name\":\"Kgl. priv. FSG K\u00f6sching\",\"url\":\"https:\/\/fsg-koesching.de\/\",\"logo\":{\"@type\":\"ImageObject\",\"inLanguage\":\"de\",\"@id\":\"https:\/\/fsg-koesching.de\/#\/schema\/logo\/image\/\",\"url\":\"https:\/\/fsg-koesching.de\/wp-content\/uploads\/2018\/09\/FSG-LG-Logo-neu-aussen-trans.gif\",\"contentUrl\":\"https:\/\/fsg-koesching.de\/wp-content\/uploads\/2018\/09\/FSG-LG-Logo-neu-aussen-trans.gif\",\"width\":830,\"height\":865,\"caption\":\"Kgl. priv. FSG K\u00f6sching\"},\"image\":{\"@id\":\"https:\/\/fsg-koesching.de\/#\/schema\/logo\/image\/\"}}]}<\/script>\n<!-- \/ Yoast SEO plugin. -->","yoast_head_json":{"title":"Schie\u00dftermine &amp; Einteilung &#187; Kgl. priv. FSG K\u00f6sching","robots":{"index":"index","follow":"follow","max-snippet":"max-snippet:-1","max-image-preview":"max-image-preview:large","max-video-preview":"max-video-preview:-1"},"canonical":"https:\/\/fsg-koesching.de\/?page_id=3265","og_locale":"de_DE","og_type":"article","og_title":"Schie\u00dftermine &amp; Einteilung &#187; Kgl. priv. FSG K\u00f6sching","og_description":"Wochentag Datum Uhrzeit Freitag 04.04., 11.04., 25.04. 19:00 &#8211; 22:00 Uhr Samstag 05.04., 12.04., 26.04. 18:00 &#8211; 22:00 Uhr Dienstag 08.04., 15.04., 22.04., 29.04. 19:00 &#8211; 22:00 Uhr Feiertage (kein Schie\u00dfbetrieb) Karfreitag 18.04 &amp; Karsamstag 19.04 &#8211; Unten finden Sie die aktuelle Einteilung. So k\u00f6nnen Sie Ihre Teilnahme optimal planen. Stand: 12.04.2025, f\u00fcr R\u00fcckfragen bitte &hellip;","og_url":"https:\/\/fsg-koesching.de\/?page_id=3265","og_site_name":"Kgl. priv. FSG K\u00f6sching","article_modified_time":"2025-04-12T01:04:24+00:00","twitter_card":"summary_large_image","twitter_misc":{"Gesch\u00e4tzte Lesezeit":"1\u00a0Minute"},"schema":{"@context":"https:\/\/schema.org","@graph":[{"@type":"WebPage","@id":"https:\/\/fsg-koesching.de\/?page_id=3265","url":"https:\/\/fsg-koesching.de\/?page_id=3265","name":"Schie\u00dftermine &amp; Einteilung &#187; Kgl. priv. FSG K\u00f6sching","isPartOf":{"@id":"https:\/\/fsg-koesching.de\/#website"},"datePublished":"2025-04-03T20:01:24+00:00","dateModified":"2025-04-12T01:04:24+00:00","breadcrumb":{"@id":"https:\/\/fsg-koesching.de\/?page_id=3265#breadcrumb"},"inLanguage":"de","potentialAction":[{"@type":"ReadAction","target":["https:\/\/fsg-koesching.de\/?page_id=3265"]}]},{"@type":"BreadcrumbList","@id":"https:\/\/fsg-koesching.de\/?page_id=3265#breadcrumb","itemListElement":[{"@type":"ListItem","position":1,"name":"Home","item":"https:\/\/fsg-koesching.de\/"},{"@type":"ListItem","position":2,"name":"Schie\u00dftermine &amp; Einteilung"}]},{"@type":"WebSite","@id":"https:\/\/fsg-koesching.de\/#website","url":"https:\/\/fsg-koesching.de\/","name":"Kgl. priv. FSG K\u00f6sching","description":"gegr\u00fcndet 1553","publisher":{"@id":"https:\/\/fsg-koesching.de\/#organization"},"potentialAction":[{"@type":"SearchAction","target":{"@type":"EntryPoint","urlTemplate":"https:\/\/fsg-koesching.de\/?s={search_term_string}"},"query-input":{"@type":"PropertyValueSpecification","valueRequired":true,"valueName":"search_term_string"}}],"inLanguage":"de"},{"@type":"Organization","@id":"https:\/\/fsg-koesching.de\/#organization","name":"Kgl. priv. FSG K\u00f6sching","url":"https:\/\/fsg-koesching.de\/","logo":{"@type":"ImageObject","inLanguage":"de","@id":"https:\/\/fsg-koesching.de\/#\/schema\/logo\/image\/","url":"https:\/\/fsg-koesching.de\/wp-content\/uploads\/2018\/09\/FSG-LG-Logo-neu-aussen-trans.gif","contentUrl":"https:\/\/fsg-koesching.de\/wp-content\/uploads\/2018\/09\/FSG-LG-Logo-neu-aussen-trans.gif","width":830,"height":865,"caption":"Kgl. priv. FSG K\u00f6sching"},"image":{"@id":"https:\/\/fsg-koesching.de\/#\/schema\/logo\/image\/"}}]}},"_links":{"self":[{"href":"https:\/\/fsg-koesching.de\/index.php?rest_route=\/wp\/v2\/pages\/3265","targetHints":{"allow":["GET"]}}],"collection":[{"href":"https:\/\/fsg-koesching.de\/index.php?rest_route=\/wp\/v2\/pages"}],"about":[{"href":"https:\/\/fsg-koesching.de\/index.php?rest_route=\/wp\/v2\/types\/page"}],"author":[{"embeddable":true,"href":"https:\/\/fsg-koesching.de\/index.php?rest_route=\/wp\/v2\/users\/1"}],"replies":[{"embeddable":true,"href":"https:\/\/fsg-koesching.de\/index.php?rest_route=%2Fwp%2Fv2%2Fcomments&post=3265"}],"version-history":[{"count":3,"href":"https:\/\/fsg-koesching.de\/index.php?rest_route=\/wp\/v2\/pages\/3265\/revisions"}],"predecessor-version":[{"id":3367,"href":"https:\/\/fsg-koesching.de\/index.php?rest_route=\/wp\/v2\/pages\/3265\/revisions\/3367"}],"wp:attachment":[{"href":"https:\/\/fsg-koesching.de\/index.php?rest_route=%2Fwp%2Fv2%2Fmedia&parent=3265"}],"curies":[{"name":"wp","href":"https:\/\/api.w.org\/{rel}","templated":true}]}}