{"id":3275,"date":"2025-04-03T21:12:50","date_gmt":"2025-04-03T20:12:50","guid":{"rendered":"https:\/\/fsg-koesching.de\/?page_id=3275"},"modified":"2025-04-03T21:12:50","modified_gmt":"2025-04-03T20:12:50","slug":"schiessen","status":"publish","type":"page","link":"https:\/\/fsg-koesching.de\/?page_id=3275","title":{"rendered":"Schie\u00dfen"},"content":{"rendered":"\n<p>Wir bieten ein breites Angebot f\u00fcr Erwachsene und Jugendliche an. Klicken Sie sich durch unsere Unterseiten um mehr zu erfahren.<\/p>\n","protected":false},"excerpt":{"rendered":"<p>Wir bieten ein breites Angebot f\u00fcr Erwachsene und Jugendliche an. Klicken Sie sich durch unsere Unterseiten um mehr zu erfahren.<\/p>\n","protected":false},"author":1,"featured_media":0,"parent":0,"menu_order":0,"comment_status":"closed","ping_status":"closed","template":"","meta":{"footnotes":""},"class_list":["post-3275","page","type-page","status-publish","hentry","post","without-featured-image"],"yoast_head":"<!-- This site is optimized with the Yoast SEO plugin v27.4 - https:\/\/yoast.com\/product\/yoast-seo-wordpress\/ -->\n<title>Schie\u00dfen &#187; Kgl. priv. FSG K\u00f6sching<\/title>\n<meta name=\"robots\" content=\"index, follow, max-snippet:-1, max-image-preview:large, max-video-preview:-1\" \/>\n<link rel=\"canonical\" href=\"https:\/\/fsg-koesching.de\/?page_id=3275\" \/>\n<meta property=\"og:locale\" content=\"de_DE\" \/>\n<meta property=\"og:type\" content=\"article\" \/>\n<meta property=\"og:title\" content=\"Schie\u00dfen &#187; Kgl. priv. FSG K\u00f6sching\" \/>\n<meta property=\"og:description\" content=\"Wir bieten ein breites Angebot f\u00fcr Erwachsene und Jugendliche an. Klicken Sie sich durch unsere Unterseiten um mehr zu erfahren.\" \/>\n<meta property=\"og:url\" content=\"https:\/\/fsg-koesching.de\/?page_id=3275\" \/>\n<meta property=\"og:site_name\" content=\"Kgl. priv. FSG K\u00f6sching\" \/>\n<meta name=\"twitter:card\" content=\"summary_large_image\" \/>\n<meta name=\"twitter:label1\" content=\"Gesch\u00e4tzte Lesezeit\" \/>\n\t<meta name=\"twitter:data1\" content=\"1\u00a0Minute\" \/>\n<script type=\"application\/ld+json\" class=\"yoast-schema-graph\">{\"@context\":\"https:\\\/\\\/schema.org\",\"@graph\":[{\"@type\":\"WebPage\",\"@id\":\"https:\\\/\\\/fsg-koesching.de\\\/?page_id=3275\",\"url\":\"https:\\\/\\\/fsg-koesching.de\\\/?page_id=3275\",\"name\":\"Schie\u00dfen &#187; Kgl. priv. FSG K\u00f6sching\",\"isPartOf\":{\"@id\":\"https:\\\/\\\/fsg-koesching.de\\\/#website\"},\"datePublished\":\"2025-04-03T20:12:50+00:00\",\"breadcrumb\":{\"@id\":\"https:\\\/\\\/fsg-koesching.de\\\/?page_id=3275#breadcrumb\"},\"inLanguage\":\"de\",\"potentialAction\":[{\"@type\":\"ReadAction\",\"target\":[\"https:\\\/\\\/fsg-koesching.de\\\/?page_id=3275\"]}]},{\"@type\":\"BreadcrumbList\",\"@id\":\"https:\\\/\\\/fsg-koesching.de\\\/?page_id=3275#breadcrumb\",\"itemListElement\":[{\"@type\":\"ListItem\",\"position\":1,\"name\":\"Home\",\"item\":\"https:\\\/\\\/fsg-koesching.de\\\/\"},{\"@type\":\"ListItem\",\"position\":2,\"name\":\"Schie\u00dfen\"}]},{\"@type\":\"WebSite\",\"@id\":\"https:\\\/\\\/fsg-koesching.de\\\/#website\",\"url\":\"https:\\\/\\\/fsg-koesching.de\\\/\",\"name\":\"Kgl. priv. FSG K\u00f6sching\",\"description\":\"gegr\u00fcndet 1553\",\"publisher\":{\"@id\":\"https:\\\/\\\/fsg-koesching.de\\\/#organization\"},\"potentialAction\":[{\"@type\":\"SearchAction\",\"target\":{\"@type\":\"EntryPoint\",\"urlTemplate\":\"https:\\\/\\\/fsg-koesching.de\\\/?s={search_term_string}\"},\"query-input\":{\"@type\":\"PropertyValueSpecification\",\"valueRequired\":true,\"valueName\":\"search_term_string\"}}],\"inLanguage\":\"de\"},{\"@type\":\"Organization\",\"@id\":\"https:\\\/\\\/fsg-koesching.de\\\/#organization\",\"name\":\"Kgl. priv. FSG K\u00f6sching\",\"url\":\"https:\\\/\\\/fsg-koesching.de\\\/\",\"logo\":{\"@type\":\"ImageObject\",\"inLanguage\":\"de\",\"@id\":\"https:\\\/\\\/fsg-koesching.de\\\/#\\\/schema\\\/logo\\\/image\\\/\",\"url\":\"https:\\\/\\\/fsg-koesching.de\\\/wp-content\\\/uploads\\\/2018\\\/09\\\/FSG-LG-Logo-neu-aussen-trans.gif\",\"contentUrl\":\"https:\\\/\\\/fsg-koesching.de\\\/wp-content\\\/uploads\\\/2018\\\/09\\\/FSG-LG-Logo-neu-aussen-trans.gif\",\"width\":830,\"height\":865,\"caption\":\"Kgl. priv. FSG K\u00f6sching\"},\"image\":{\"@id\":\"https:\\\/\\\/fsg-koesching.de\\\/#\\\/schema\\\/logo\\\/image\\\/\"}}]}<\/script>\n<!-- \/ Yoast SEO plugin. -->","yoast_head_json":{"title":"Schie\u00dfen &#187; Kgl. priv. FSG K\u00f6sching","robots":{"index":"index","follow":"follow","max-snippet":"max-snippet:-1","max-image-preview":"max-image-preview:large","max-video-preview":"max-video-preview:-1"},"canonical":"https:\/\/fsg-koesching.de\/?page_id=3275","og_locale":"de_DE","og_type":"article","og_title":"Schie\u00dfen &#187; Kgl. priv. FSG K\u00f6sching","og_description":"Wir bieten ein breites Angebot f\u00fcr Erwachsene und Jugendliche an. Klicken Sie sich durch unsere Unterseiten um mehr zu erfahren.","og_url":"https:\/\/fsg-koesching.de\/?page_id=3275","og_site_name":"Kgl. priv. FSG K\u00f6sching","twitter_card":"summary_large_image","twitter_misc":{"Gesch\u00e4tzte Lesezeit":"1\u00a0Minute"},"schema":{"@context":"https:\/\/schema.org","@graph":[{"@type":"WebPage","@id":"https:\/\/fsg-koesching.de\/?page_id=3275","url":"https:\/\/fsg-koesching.de\/?page_id=3275","name":"Schie\u00dfen &#187; Kgl. priv. FSG K\u00f6sching","isPartOf":{"@id":"https:\/\/fsg-koesching.de\/#website"},"datePublished":"2025-04-03T20:12:50+00:00","breadcrumb":{"@id":"https:\/\/fsg-koesching.de\/?page_id=3275#breadcrumb"},"inLanguage":"de","potentialAction":[{"@type":"ReadAction","target":["https:\/\/fsg-koesching.de\/?page_id=3275"]}]},{"@type":"BreadcrumbList","@id":"https:\/\/fsg-koesching.de\/?page_id=3275#breadcrumb","itemListElement":[{"@type":"ListItem","position":1,"name":"Home","item":"https:\/\/fsg-koesching.de\/"},{"@type":"ListItem","position":2,"name":"Schie\u00dfen"}]},{"@type":"WebSite","@id":"https:\/\/fsg-koesching.de\/#website","url":"https:\/\/fsg-koesching.de\/","name":"Kgl. priv. FSG K\u00f6sching","description":"gegr\u00fcndet 1553","publisher":{"@id":"https:\/\/fsg-koesching.de\/#organization"},"potentialAction":[{"@type":"SearchAction","target":{"@type":"EntryPoint","urlTemplate":"https:\/\/fsg-koesching.de\/?s={search_term_string}"},"query-input":{"@type":"PropertyValueSpecification","valueRequired":true,"valueName":"search_term_string"}}],"inLanguage":"de"},{"@type":"Organization","@id":"https:\/\/fsg-koesching.de\/#organization","name":"Kgl. priv. FSG K\u00f6sching","url":"https:\/\/fsg-koesching.de\/","logo":{"@type":"ImageObject","inLanguage":"de","@id":"https:\/\/fsg-koesching.de\/#\/schema\/logo\/image\/","url":"https:\/\/fsg-koesching.de\/wp-content\/uploads\/2018\/09\/FSG-LG-Logo-neu-aussen-trans.gif","contentUrl":"https:\/\/fsg-koesching.de\/wp-content\/uploads\/2018\/09\/FSG-LG-Logo-neu-aussen-trans.gif","width":830,"height":865,"caption":"Kgl. priv. FSG K\u00f6sching"},"image":{"@id":"https:\/\/fsg-koesching.de\/#\/schema\/logo\/image\/"}}]}},"_links":{"self":[{"href":"https:\/\/fsg-koesching.de\/index.php?rest_route=\/wp\/v2\/pages\/3275","targetHints":{"allow":["GET"]}}],"collection":[{"href":"https:\/\/fsg-koesching.de\/index.php?rest_route=\/wp\/v2\/pages"}],"about":[{"href":"https:\/\/fsg-koesching.de\/index.php?rest_route=\/wp\/v2\/types\/page"}],"author":[{"embeddable":true,"href":"https:\/\/fsg-koesching.de\/index.php?rest_route=\/wp\/v2\/users\/1"}],"replies":[{"embeddable":true,"href":"https:\/\/fsg-koesching.de\/index.php?rest_route=%2Fwp%2Fv2%2Fcomments&post=3275"}],"version-history":[{"count":1,"href":"https:\/\/fsg-koesching.de\/index.php?rest_route=\/wp\/v2\/pages\/3275\/revisions"}],"predecessor-version":[{"id":3276,"href":"https:\/\/fsg-koesching.de\/index.php?rest_route=\/wp\/v2\/pages\/3275\/revisions\/3276"}],"wp:attachment":[{"href":"https:\/\/fsg-koesching.de\/index.php?rest_route=%2Fwp%2Fv2%2Fmedia&parent=3275"}],"curies":[{"name":"wp","href":"https:\/\/api.w.org\/{rel}","templated":true}]}}