{"id":8,"date":"2018-09-21T23:50:26","date_gmt":"2018-09-21T23:50:26","guid":{"rendered":"https:\/\/fsg-koesching.de\/?page_id=8"},"modified":"2026-03-19T10:52:52","modified_gmt":"2026-03-19T09:52:52","slug":"page_id8","status":"publish","type":"page","link":"https:\/\/fsg-koesching.de\/","title":{"rendered":"Willkommen bei der FSG K\u00f6sching&#8230;"},"content":{"rendered":"<div class=\"wp-block-image\">\n<figure class=\"aligncenter size-full is-resized\"><img loading=\"lazy\" decoding=\"async\" width=\"460\" height=\"479\" src=\"https:\/\/fsg-koesching.de\/wp-content\/uploads\/2026\/03\/FSG-Logo-farbig.jpg-2.jpeg\" alt=\"\" class=\"wp-image-3500\" style=\"width:284px;height:auto\" srcset=\"https:\/\/fsg-koesching.de\/wp-content\/uploads\/2026\/03\/FSG-Logo-farbig.jpg-2.jpeg 460w, https:\/\/fsg-koesching.de\/wp-content\/uploads\/2026\/03\/FSG-Logo-farbig.jpg-2-288x300.jpeg 288w, https:\/\/fsg-koesching.de\/wp-content\/uploads\/2026\/03\/FSG-Logo-farbig.jpg-2-300x312.jpeg 300w\" sizes=\"auto, (max-width: 460px) 100vw, 460px\" \/><\/figure>\n<\/div>\n\n\n<p>&#8230;egal ob jung oder alt, egal ob kompetitiv oder entspannt, bei uns kommt jeder seinen W\u00fcnschen nach. Lesen Sie sich doch unser Angebot durch und \u00fcberzeugen Sie sich selbst! Wir sind ein Sch\u00fctzenverein, welcher 1553 gegr\u00fcndet wurde. Bei uns kann man Lichtgewehr, Luftgewehr, Klein- und Gro\u00dfkaliber schie\u00dfen.<\/p>\n\n\n\n<p>Klicken Sie <a href=\"https:\/\/fsg-koesching.de\/?page_id=11\">hier<\/a>, um den neuesten News-Artikel zu lesen.<\/p>\n\n\n\n<h3 class=\"wp-block-heading wp-block-image size-large\">Interessiert?<\/h3>\n\n\n\n<h5 class=\"wp-block-heading\">Kinder und Jugendliche k\u00f6nnen sich zum Jugendtraining unter <a href=\"mailto:training@fsg-koesching.de\">training@fsg-koesching.de<\/a>&nbsp;anmelden.<\/h5>\n\n\n\n<p>Auch andere Interessenten am Schie\u00dfsport k\u00f6nnen <a href=\"mailto:interesse@fsg-koesching.de\">interesse@fsg-koesching.de<\/a> zur Terminvereinbarung kontaktieren.<\/p>\n\n\n\n<h6 class=\"wp-block-heading\">&nbsp;<\/h6>\n\n\n\n<hr class=\"wp-block-separator has-alpha-channel-opacity\"\/>\n\n\n\n<h3 class=\"wp-block-heading\">Unsere Sponsoren<\/h3>\n\n\n\n<figure class=\"wp-block-image\"><a href=\"https:\/\/www.spk-in-ei.de\"><img loading=\"lazy\" decoding=\"async\" width=\"300\" height=\"84\" src=\"https:\/\/fsg-koesching.de\/wp-content\/uploads\/2023\/03\/Logo_IN_EI_CMYK_17pt-300x84.jpg\" alt=\"\" class=\"wp-image-2275\" srcset=\"https:\/\/fsg-koesching.de\/wp-content\/uploads\/2023\/03\/Logo_IN_EI_CMYK_17pt-300x84.jpg 300w, https:\/\/fsg-koesching.de\/wp-content\/uploads\/2023\/03\/Logo_IN_EI_CMYK_17pt.jpg 745w\" sizes=\"auto, (max-width: 300px) 100vw, 300px\" \/><\/a><\/figure>\n","protected":false},"excerpt":{"rendered":"<p>&#8230;egal ob jung oder alt, egal ob kompetitiv oder entspannt, bei uns kommt jeder seinen W\u00fcnschen nach. Lesen Sie sich doch unser Angebot durch und \u00fcberzeugen Sie sich selbst! Wir sind ein Sch\u00fctzenverein, welcher 1553 gegr\u00fcndet wurde. Bei uns kann man Lichtgewehr, Luftgewehr, Klein- und Gro\u00dfkaliber schie\u00dfen. Klicken Sie hier, um den neuesten News-Artikel zu &hellip;<\/p>\n","protected":false},"author":1,"featured_media":0,"parent":0,"menu_order":0,"comment_status":"closed","ping_status":"closed","template":"","meta":{"footnotes":""},"class_list":["post-8","page","type-page","status-publish","hentry","post","without-featured-image"],"yoast_head":"<!-- This site is optimized with the Yoast SEO plugin v27.4 - https:\/\/yoast.com\/product\/yoast-seo-wordpress\/ -->\n<title>Willkommen bei der FSG K\u00f6sching... &#187; Kgl. priv. FSG K\u00f6sching<\/title>\n<meta name=\"description\" content=\"...egal ob jung oder alt, egal ob kompetitiv oder entspannt, bei uns kommt jeder seinen W\u00fcnschen nach. Lesen Sie sich auf der Seite unser Angebot durch.\" \/>\n<meta name=\"robots\" content=\"index, follow, max-snippet:-1, max-image-preview:large, max-video-preview:-1\" \/>\n<link rel=\"canonical\" href=\"https:\/\/fsg-koesching.de\/\" \/>\n<meta property=\"og:locale\" content=\"de_DE\" \/>\n<meta property=\"og:type\" content=\"article\" \/>\n<meta property=\"og:title\" content=\"Willkommen bei der FSG K\u00f6sching... &#187; Kgl. priv. FSG K\u00f6sching\" \/>\n<meta property=\"og:description\" content=\"...egal ob jung oder alt, egal ob kompetitiv oder entspannt, bei uns kommt jeder seinen W\u00fcnschen nach. Lesen Sie sich auf der Seite unser Angebot durch.\" \/>\n<meta property=\"og:url\" content=\"https:\/\/fsg-koesching.de\/\" \/>\n<meta property=\"og:site_name\" content=\"Kgl. priv. FSG K\u00f6sching\" \/>\n<meta property=\"article:modified_time\" content=\"2026-03-19T09:52:52+00:00\" \/>\n<meta property=\"og:image\" content=\"https:\/\/fsg-koesching.de\/wp-content\/uploads\/2026\/03\/FSG-Logo-farbig.jpg-2.jpeg\" \/>\n\t<meta property=\"og:image:width\" content=\"460\" \/>\n\t<meta property=\"og:image:height\" content=\"479\" \/>\n\t<meta property=\"og:image:type\" content=\"image\/jpeg\" \/>\n<meta name=\"twitter:card\" content=\"summary_large_image\" \/>\n<meta name=\"twitter:label1\" content=\"Gesch\u00e4tzte Lesezeit\" \/>\n\t<meta name=\"twitter:data1\" content=\"1\u00a0Minute\" \/>\n<script type=\"application\/ld+json\" class=\"yoast-schema-graph\">{\"@context\":\"https:\\\/\\\/schema.org\",\"@graph\":[{\"@type\":\"WebPage\",\"@id\":\"https:\\\/\\\/fsg-koesching.de\\\/\",\"url\":\"https:\\\/\\\/fsg-koesching.de\\\/\",\"name\":\"Willkommen bei der FSG K\u00f6sching... &#187; Kgl. priv. FSG K\u00f6sching\",\"isPartOf\":{\"@id\":\"https:\\\/\\\/fsg-koesching.de\\\/#website\"},\"primaryImageOfPage\":{\"@id\":\"https:\\\/\\\/fsg-koesching.de\\\/#primaryimage\"},\"image\":{\"@id\":\"https:\\\/\\\/fsg-koesching.de\\\/#primaryimage\"},\"thumbnailUrl\":\"https:\\\/\\\/fsg-koesching.de\\\/wp-content\\\/uploads\\\/2026\\\/03\\\/FSG-Logo-farbig.jpg-2.jpeg\",\"datePublished\":\"2018-09-21T23:50:26+00:00\",\"dateModified\":\"2026-03-19T09:52:52+00:00\",\"description\":\"...egal ob jung oder alt, egal ob kompetitiv oder entspannt, bei uns kommt jeder seinen W\u00fcnschen nach. Lesen Sie sich auf der Seite unser Angebot durch.\",\"breadcrumb\":{\"@id\":\"https:\\\/\\\/fsg-koesching.de\\\/#breadcrumb\"},\"inLanguage\":\"de\",\"potentialAction\":[{\"@type\":\"ReadAction\",\"target\":[\"https:\\\/\\\/fsg-koesching.de\\\/\"]}]},{\"@type\":\"ImageObject\",\"inLanguage\":\"de\",\"@id\":\"https:\\\/\\\/fsg-koesching.de\\\/#primaryimage\",\"url\":\"https:\\\/\\\/fsg-koesching.de\\\/wp-content\\\/uploads\\\/2026\\\/03\\\/FSG-Logo-farbig.jpg-2.jpeg\",\"contentUrl\":\"https:\\\/\\\/fsg-koesching.de\\\/wp-content\\\/uploads\\\/2026\\\/03\\\/FSG-Logo-farbig.jpg-2.jpeg\",\"width\":460,\"height\":479},{\"@type\":\"BreadcrumbList\",\"@id\":\"https:\\\/\\\/fsg-koesching.de\\\/#breadcrumb\",\"itemListElement\":[{\"@type\":\"ListItem\",\"position\":1,\"name\":\"Home\",\"item\":\"https:\\\/\\\/fsg-koesching.de\\\/\"},{\"@type\":\"ListItem\",\"position\":2,\"name\":\"Willkommen bei der FSG K\u00f6sching&#8230;\"}]},{\"@type\":\"WebSite\",\"@id\":\"https:\\\/\\\/fsg-koesching.de\\\/#website\",\"url\":\"https:\\\/\\\/fsg-koesching.de\\\/\",\"name\":\"Kgl. priv. FSG K\u00f6sching\",\"description\":\"gegr\u00fcndet 1553\",\"publisher\":{\"@id\":\"https:\\\/\\\/fsg-koesching.de\\\/#organization\"},\"potentialAction\":[{\"@type\":\"SearchAction\",\"target\":{\"@type\":\"EntryPoint\",\"urlTemplate\":\"https:\\\/\\\/fsg-koesching.de\\\/?s={search_term_string}\"},\"query-input\":{\"@type\":\"PropertyValueSpecification\",\"valueRequired\":true,\"valueName\":\"search_term_string\"}}],\"inLanguage\":\"de\"},{\"@type\":\"Organization\",\"@id\":\"https:\\\/\\\/fsg-koesching.de\\\/#organization\",\"name\":\"Kgl. priv. FSG K\u00f6sching\",\"url\":\"https:\\\/\\\/fsg-koesching.de\\\/\",\"logo\":{\"@type\":\"ImageObject\",\"inLanguage\":\"de\",\"@id\":\"https:\\\/\\\/fsg-koesching.de\\\/#\\\/schema\\\/logo\\\/image\\\/\",\"url\":\"https:\\\/\\\/fsg-koesching.de\\\/wp-content\\\/uploads\\\/2018\\\/09\\\/FSG-LG-Logo-neu-aussen-trans.gif\",\"contentUrl\":\"https:\\\/\\\/fsg-koesching.de\\\/wp-content\\\/uploads\\\/2018\\\/09\\\/FSG-LG-Logo-neu-aussen-trans.gif\",\"width\":830,\"height\":865,\"caption\":\"Kgl. priv. FSG K\u00f6sching\"},\"image\":{\"@id\":\"https:\\\/\\\/fsg-koesching.de\\\/#\\\/schema\\\/logo\\\/image\\\/\"}}]}<\/script>\n<!-- \/ Yoast SEO plugin. -->","yoast_head_json":{"title":"Willkommen bei der FSG K\u00f6sching... &#187; Kgl. priv. FSG K\u00f6sching","description":"...egal ob jung oder alt, egal ob kompetitiv oder entspannt, bei uns kommt jeder seinen W\u00fcnschen nach. Lesen Sie sich auf der Seite unser Angebot durch.","robots":{"index":"index","follow":"follow","max-snippet":"max-snippet:-1","max-image-preview":"max-image-preview:large","max-video-preview":"max-video-preview:-1"},"canonical":"https:\/\/fsg-koesching.de\/","og_locale":"de_DE","og_type":"article","og_title":"Willkommen bei der FSG K\u00f6sching... &#187; Kgl. priv. FSG K\u00f6sching","og_description":"...egal ob jung oder alt, egal ob kompetitiv oder entspannt, bei uns kommt jeder seinen W\u00fcnschen nach. Lesen Sie sich auf der Seite unser Angebot durch.","og_url":"https:\/\/fsg-koesching.de\/","og_site_name":"Kgl. priv. FSG K\u00f6sching","article_modified_time":"2026-03-19T09:52:52+00:00","og_image":[{"width":460,"height":479,"url":"https:\/\/fsg-koesching.de\/wp-content\/uploads\/2026\/03\/FSG-Logo-farbig.jpg-2.jpeg","type":"image\/jpeg"}],"twitter_card":"summary_large_image","twitter_misc":{"Gesch\u00e4tzte Lesezeit":"1\u00a0Minute"},"schema":{"@context":"https:\/\/schema.org","@graph":[{"@type":"WebPage","@id":"https:\/\/fsg-koesching.de\/","url":"https:\/\/fsg-koesching.de\/","name":"Willkommen bei der FSG K\u00f6sching... &#187; Kgl. priv. FSG K\u00f6sching","isPartOf":{"@id":"https:\/\/fsg-koesching.de\/#website"},"primaryImageOfPage":{"@id":"https:\/\/fsg-koesching.de\/#primaryimage"},"image":{"@id":"https:\/\/fsg-koesching.de\/#primaryimage"},"thumbnailUrl":"https:\/\/fsg-koesching.de\/wp-content\/uploads\/2026\/03\/FSG-Logo-farbig.jpg-2.jpeg","datePublished":"2018-09-21T23:50:26+00:00","dateModified":"2026-03-19T09:52:52+00:00","description":"...egal ob jung oder alt, egal ob kompetitiv oder entspannt, bei uns kommt jeder seinen W\u00fcnschen nach. Lesen Sie sich auf der Seite unser Angebot durch.","breadcrumb":{"@id":"https:\/\/fsg-koesching.de\/#breadcrumb"},"inLanguage":"de","potentialAction":[{"@type":"ReadAction","target":["https:\/\/fsg-koesching.de\/"]}]},{"@type":"ImageObject","inLanguage":"de","@id":"https:\/\/fsg-koesching.de\/#primaryimage","url":"https:\/\/fsg-koesching.de\/wp-content\/uploads\/2026\/03\/FSG-Logo-farbig.jpg-2.jpeg","contentUrl":"https:\/\/fsg-koesching.de\/wp-content\/uploads\/2026\/03\/FSG-Logo-farbig.jpg-2.jpeg","width":460,"height":479},{"@type":"BreadcrumbList","@id":"https:\/\/fsg-koesching.de\/#breadcrumb","itemListElement":[{"@type":"ListItem","position":1,"name":"Home","item":"https:\/\/fsg-koesching.de\/"},{"@type":"ListItem","position":2,"name":"Willkommen bei der FSG K\u00f6sching&#8230;"}]},{"@type":"WebSite","@id":"https:\/\/fsg-koesching.de\/#website","url":"https:\/\/fsg-koesching.de\/","name":"Kgl. priv. FSG K\u00f6sching","description":"gegr\u00fcndet 1553","publisher":{"@id":"https:\/\/fsg-koesching.de\/#organization"},"potentialAction":[{"@type":"SearchAction","target":{"@type":"EntryPoint","urlTemplate":"https:\/\/fsg-koesching.de\/?s={search_term_string}"},"query-input":{"@type":"PropertyValueSpecification","valueRequired":true,"valueName":"search_term_string"}}],"inLanguage":"de"},{"@type":"Organization","@id":"https:\/\/fsg-koesching.de\/#organization","name":"Kgl. priv. FSG K\u00f6sching","url":"https:\/\/fsg-koesching.de\/","logo":{"@type":"ImageObject","inLanguage":"de","@id":"https:\/\/fsg-koesching.de\/#\/schema\/logo\/image\/","url":"https:\/\/fsg-koesching.de\/wp-content\/uploads\/2018\/09\/FSG-LG-Logo-neu-aussen-trans.gif","contentUrl":"https:\/\/fsg-koesching.de\/wp-content\/uploads\/2018\/09\/FSG-LG-Logo-neu-aussen-trans.gif","width":830,"height":865,"caption":"Kgl. priv. FSG K\u00f6sching"},"image":{"@id":"https:\/\/fsg-koesching.de\/#\/schema\/logo\/image\/"}}]}},"_links":{"self":[{"href":"https:\/\/fsg-koesching.de\/index.php?rest_route=\/wp\/v2\/pages\/8","targetHints":{"allow":["GET"]}}],"collection":[{"href":"https:\/\/fsg-koesching.de\/index.php?rest_route=\/wp\/v2\/pages"}],"about":[{"href":"https:\/\/fsg-koesching.de\/index.php?rest_route=\/wp\/v2\/types\/page"}],"author":[{"embeddable":true,"href":"https:\/\/fsg-koesching.de\/index.php?rest_route=\/wp\/v2\/users\/1"}],"replies":[{"embeddable":true,"href":"https:\/\/fsg-koesching.de\/index.php?rest_route=%2Fwp%2Fv2%2Fcomments&post=8"}],"version-history":[{"count":178,"href":"https:\/\/fsg-koesching.de\/index.php?rest_route=\/wp\/v2\/pages\/8\/revisions"}],"predecessor-version":[{"id":3502,"href":"https:\/\/fsg-koesching.de\/index.php?rest_route=\/wp\/v2\/pages\/8\/revisions\/3502"}],"wp:attachment":[{"href":"https:\/\/fsg-koesching.de\/index.php?rest_route=%2Fwp%2Fv2%2Fmedia&parent=8"}],"curies":[{"name":"wp","href":"https:\/\/api.w.org\/{rel}","templated":true}]}}