{"id":9,"date":"2018-09-21T23:50:26","date_gmt":"2018-09-21T23:50:26","guid":{"rendered":"https:\/\/fsg-koesching.de\/?page_id=9"},"modified":"2024-10-09T18:30:32","modified_gmt":"2024-10-09T17:30:32","slug":"page_id9","status":"publish","type":"page","link":"https:\/\/fsg-koesching.de\/?page_id=9","title":{"rendered":"Jugend"},"content":{"rendered":"<p>Bei UNS kannst Du ab <strong>7<\/strong> Jahren mit dem Lichtgewehr,<br \/>oder ab <strong>12<\/strong> Jahren <em>(auch schon ab 10 mit einer Ausnahmegenehmigung)<\/em> mit dem Luftgewehr &amp; der Luftpistole schie\u00dfen!<br \/>Bei beiden Disziplinen schie\u00dft Du auf Ziele in 10 Meter Entfernung.<\/p>\n<p>Das Jugendtraining findet jeden Freitag von 17:30 Uhr bis 19:15 Uhr statt.<br \/>Wenn WIR Euer Interesse geweckt haben, kommt doch einfach mit Euren Eltern zu einem Schnuppertraining vorbei. Bei einem solchen entstehen Euch keine Kosten und Ihr k\u00f6nnt Euch dreimal die Sportart Schie\u00dfen und UNSERE Jugendgruppe anschauen. Beim Schie\u00dfen mit dem Luftgewehr m\u00fcsst Ihr eine <strong>Einverst\u00e4ndniserkl\u00e4rung<\/strong> unterschreiben &#8211;&gt; deshalb Eltern mitnehmen!<\/p>\n<p>Wer bei den Schnuppertrainings seine Begeisterung f\u00fcr das Sportschie\u00dfen entdeckt hat, kann Mitglied im Verein werden. Hierbei ist ein j\u00e4hrlicher Beitrag zu leisten. Damit sind die Jugendlichen bei allen Veranstaltungen versichert, k\u00f6nnen an s\u00e4mtlichen Trainingstagen teilnehmen und bekommen die grundlegende Ausr\u00fcstung f\u00fcr ein erfolgreiches Sportschie\u00dfen gestellt.<\/p>\n<p>Unsere Jugendtrainer Klaus, Yvonne und Ren\u00e9 freuen sich auf euch!<\/p>\n\n\n<div class=\"wp-block-file\"><a href=\"https:\/\/fsg-koesching.de\/wp-content\/uploads\/2021\/08\/Einverstaendniserklaerung_gemaess_\u00a7_27_Waffg-1.pdf\">Einverst\u00e4ndniserkl\u00e4rung<\/a><a href=\"https:\/\/fsg-koesching.de\/wp-content\/uploads\/2021\/08\/Einverstaendniserklaerung_gemaess_\u00a7_27_Waffg-1.pdf\" class=\"wp-block-file__button wp-element-button\" download>Herunterladen<\/a><\/div>\n\n\n\n<figure class=\"wp-block-gallery has-nested-images columns-default is-cropped wp-block-gallery-1 is-layout-flex wp-block-gallery-is-layout-flex\"><\/figure>\n","protected":false},"excerpt":{"rendered":"<p>Bei UNS kannst Du ab 7 Jahren mit dem Lichtgewehr,oder ab 12 Jahren (auch schon ab 10 mit einer Ausnahmegenehmigung) mit dem Luftgewehr &amp; der Luftpistole schie\u00dfen!Bei beiden Disziplinen schie\u00dft Du auf Ziele in 10 Meter Entfernung. Das Jugendtraining findet jeden Freitag von 17:30 Uhr bis 19:15 Uhr statt.Wenn WIR Euer Interesse geweckt haben, kommt &hellip;<\/p>\n","protected":false},"author":1,"featured_media":0,"parent":0,"menu_order":0,"comment_status":"closed","ping_status":"closed","template":"","meta":{"footnotes":""},"class_list":["post-9","page","type-page","status-publish","hentry","post","without-featured-image"],"yoast_head":"<!-- This site is optimized with the Yoast SEO plugin v27.4 - https:\/\/yoast.com\/product\/yoast-seo-wordpress\/ -->\n<title>Jugend &#187; Kgl. priv. FSG K\u00f6sching<\/title>\n<meta name=\"description\" content=\"WIR suchen Dich! Schie\u00dfen, ein Sport f\u00fcr Dich? Na klar! Lies dich hier ein um mehr \u00fcber Sportschie\u00dfen herauszufinden.\" \/>\n<meta name=\"robots\" content=\"index, follow, max-snippet:-1, max-image-preview:large, max-video-preview:-1\" \/>\n<link rel=\"canonical\" href=\"https:\/\/fsg-koesching.de\/?page_id=9\" \/>\n<meta property=\"og:locale\" content=\"de_DE\" \/>\n<meta property=\"og:type\" content=\"article\" \/>\n<meta property=\"og:title\" content=\"Jugend &#187; Kgl. priv. FSG K\u00f6sching\" \/>\n<meta property=\"og:description\" content=\"WIR suchen Dich! Schie\u00dfen, ein Sport f\u00fcr Dich? Na klar! Lies dich hier ein um mehr \u00fcber Sportschie\u00dfen herauszufinden.\" \/>\n<meta property=\"og:url\" content=\"https:\/\/fsg-koesching.de\/?page_id=9\" \/>\n<meta property=\"og:site_name\" content=\"Kgl. priv. FSG K\u00f6sching\" \/>\n<meta property=\"article:modified_time\" content=\"2024-10-09T17:30:32+00:00\" \/>\n<meta name=\"twitter:card\" content=\"summary_large_image\" \/>\n<meta name=\"twitter:label1\" content=\"Gesch\u00e4tzte Lesezeit\" \/>\n\t<meta name=\"twitter:data1\" content=\"1\u00a0Minute\" \/>\n<script type=\"application\/ld+json\" class=\"yoast-schema-graph\">{\"@context\":\"https:\\\/\\\/schema.org\",\"@graph\":[{\"@type\":\"WebPage\",\"@id\":\"https:\\\/\\\/fsg-koesching.de\\\/?page_id=9\",\"url\":\"https:\\\/\\\/fsg-koesching.de\\\/?page_id=9\",\"name\":\"Jugend &#187; Kgl. priv. FSG K\u00f6sching\",\"isPartOf\":{\"@id\":\"https:\\\/\\\/fsg-koesching.de\\\/#website\"},\"datePublished\":\"2018-09-21T23:50:26+00:00\",\"dateModified\":\"2024-10-09T17:30:32+00:00\",\"description\":\"WIR suchen Dich! Schie\u00dfen, ein Sport f\u00fcr Dich? Na klar! Lies dich hier ein um mehr \u00fcber Sportschie\u00dfen herauszufinden.\",\"breadcrumb\":{\"@id\":\"https:\\\/\\\/fsg-koesching.de\\\/?page_id=9#breadcrumb\"},\"inLanguage\":\"de\",\"potentialAction\":[{\"@type\":\"ReadAction\",\"target\":[\"https:\\\/\\\/fsg-koesching.de\\\/?page_id=9\"]}]},{\"@type\":\"BreadcrumbList\",\"@id\":\"https:\\\/\\\/fsg-koesching.de\\\/?page_id=9#breadcrumb\",\"itemListElement\":[{\"@type\":\"ListItem\",\"position\":1,\"name\":\"Home\",\"item\":\"https:\\\/\\\/fsg-koesching.de\\\/\"},{\"@type\":\"ListItem\",\"position\":2,\"name\":\"Jugend\"}]},{\"@type\":\"WebSite\",\"@id\":\"https:\\\/\\\/fsg-koesching.de\\\/#website\",\"url\":\"https:\\\/\\\/fsg-koesching.de\\\/\",\"name\":\"Kgl. priv. FSG K\u00f6sching\",\"description\":\"gegr\u00fcndet 1553\",\"publisher\":{\"@id\":\"https:\\\/\\\/fsg-koesching.de\\\/#organization\"},\"potentialAction\":[{\"@type\":\"SearchAction\",\"target\":{\"@type\":\"EntryPoint\",\"urlTemplate\":\"https:\\\/\\\/fsg-koesching.de\\\/?s={search_term_string}\"},\"query-input\":{\"@type\":\"PropertyValueSpecification\",\"valueRequired\":true,\"valueName\":\"search_term_string\"}}],\"inLanguage\":\"de\"},{\"@type\":\"Organization\",\"@id\":\"https:\\\/\\\/fsg-koesching.de\\\/#organization\",\"name\":\"Kgl. priv. FSG K\u00f6sching\",\"url\":\"https:\\\/\\\/fsg-koesching.de\\\/\",\"logo\":{\"@type\":\"ImageObject\",\"inLanguage\":\"de\",\"@id\":\"https:\\\/\\\/fsg-koesching.de\\\/#\\\/schema\\\/logo\\\/image\\\/\",\"url\":\"https:\\\/\\\/fsg-koesching.de\\\/wp-content\\\/uploads\\\/2018\\\/09\\\/FSG-LG-Logo-neu-aussen-trans.gif\",\"contentUrl\":\"https:\\\/\\\/fsg-koesching.de\\\/wp-content\\\/uploads\\\/2018\\\/09\\\/FSG-LG-Logo-neu-aussen-trans.gif\",\"width\":830,\"height\":865,\"caption\":\"Kgl. priv. FSG K\u00f6sching\"},\"image\":{\"@id\":\"https:\\\/\\\/fsg-koesching.de\\\/#\\\/schema\\\/logo\\\/image\\\/\"}}]}<\/script>\n<!-- \/ Yoast SEO plugin. -->","yoast_head_json":{"title":"Jugend &#187; Kgl. priv. FSG K\u00f6sching","description":"WIR suchen Dich! Schie\u00dfen, ein Sport f\u00fcr Dich? Na klar! Lies dich hier ein um mehr \u00fcber Sportschie\u00dfen herauszufinden.","robots":{"index":"index","follow":"follow","max-snippet":"max-snippet:-1","max-image-preview":"max-image-preview:large","max-video-preview":"max-video-preview:-1"},"canonical":"https:\/\/fsg-koesching.de\/?page_id=9","og_locale":"de_DE","og_type":"article","og_title":"Jugend &#187; Kgl. priv. FSG K\u00f6sching","og_description":"WIR suchen Dich! Schie\u00dfen, ein Sport f\u00fcr Dich? Na klar! Lies dich hier ein um mehr \u00fcber Sportschie\u00dfen herauszufinden.","og_url":"https:\/\/fsg-koesching.de\/?page_id=9","og_site_name":"Kgl. priv. FSG K\u00f6sching","article_modified_time":"2024-10-09T17:30:32+00:00","twitter_card":"summary_large_image","twitter_misc":{"Gesch\u00e4tzte Lesezeit":"1\u00a0Minute"},"schema":{"@context":"https:\/\/schema.org","@graph":[{"@type":"WebPage","@id":"https:\/\/fsg-koesching.de\/?page_id=9","url":"https:\/\/fsg-koesching.de\/?page_id=9","name":"Jugend &#187; Kgl. priv. FSG K\u00f6sching","isPartOf":{"@id":"https:\/\/fsg-koesching.de\/#website"},"datePublished":"2018-09-21T23:50:26+00:00","dateModified":"2024-10-09T17:30:32+00:00","description":"WIR suchen Dich! Schie\u00dfen, ein Sport f\u00fcr Dich? Na klar! Lies dich hier ein um mehr \u00fcber Sportschie\u00dfen herauszufinden.","breadcrumb":{"@id":"https:\/\/fsg-koesching.de\/?page_id=9#breadcrumb"},"inLanguage":"de","potentialAction":[{"@type":"ReadAction","target":["https:\/\/fsg-koesching.de\/?page_id=9"]}]},{"@type":"BreadcrumbList","@id":"https:\/\/fsg-koesching.de\/?page_id=9#breadcrumb","itemListElement":[{"@type":"ListItem","position":1,"name":"Home","item":"https:\/\/fsg-koesching.de\/"},{"@type":"ListItem","position":2,"name":"Jugend"}]},{"@type":"WebSite","@id":"https:\/\/fsg-koesching.de\/#website","url":"https:\/\/fsg-koesching.de\/","name":"Kgl. priv. FSG K\u00f6sching","description":"gegr\u00fcndet 1553","publisher":{"@id":"https:\/\/fsg-koesching.de\/#organization"},"potentialAction":[{"@type":"SearchAction","target":{"@type":"EntryPoint","urlTemplate":"https:\/\/fsg-koesching.de\/?s={search_term_string}"},"query-input":{"@type":"PropertyValueSpecification","valueRequired":true,"valueName":"search_term_string"}}],"inLanguage":"de"},{"@type":"Organization","@id":"https:\/\/fsg-koesching.de\/#organization","name":"Kgl. priv. FSG K\u00f6sching","url":"https:\/\/fsg-koesching.de\/","logo":{"@type":"ImageObject","inLanguage":"de","@id":"https:\/\/fsg-koesching.de\/#\/schema\/logo\/image\/","url":"https:\/\/fsg-koesching.de\/wp-content\/uploads\/2018\/09\/FSG-LG-Logo-neu-aussen-trans.gif","contentUrl":"https:\/\/fsg-koesching.de\/wp-content\/uploads\/2018\/09\/FSG-LG-Logo-neu-aussen-trans.gif","width":830,"height":865,"caption":"Kgl. priv. FSG K\u00f6sching"},"image":{"@id":"https:\/\/fsg-koesching.de\/#\/schema\/logo\/image\/"}}]}},"_links":{"self":[{"href":"https:\/\/fsg-koesching.de\/index.php?rest_route=\/wp\/v2\/pages\/9","targetHints":{"allow":["GET"]}}],"collection":[{"href":"https:\/\/fsg-koesching.de\/index.php?rest_route=\/wp\/v2\/pages"}],"about":[{"href":"https:\/\/fsg-koesching.de\/index.php?rest_route=\/wp\/v2\/types\/page"}],"author":[{"embeddable":true,"href":"https:\/\/fsg-koesching.de\/index.php?rest_route=\/wp\/v2\/users\/1"}],"replies":[{"embeddable":true,"href":"https:\/\/fsg-koesching.de\/index.php?rest_route=%2Fwp%2Fv2%2Fcomments&post=9"}],"version-history":[{"count":16,"href":"https:\/\/fsg-koesching.de\/index.php?rest_route=\/wp\/v2\/pages\/9\/revisions"}],"predecessor-version":[{"id":3187,"href":"https:\/\/fsg-koesching.de\/index.php?rest_route=\/wp\/v2\/pages\/9\/revisions\/3187"}],"wp:attachment":[{"href":"https:\/\/fsg-koesching.de\/index.php?rest_route=%2Fwp%2Fv2%2Fmedia&parent=9"}],"curies":[{"name":"wp","href":"https:\/\/api.w.org\/{rel}","templated":true}]}}